{"id":2521,"date":"2025-09-05T09:11:30","date_gmt":"2025-09-05T09:11:30","guid":{"rendered":"https:\/\/staging.readunit.com\/handelsbetingelser\/"},"modified":"2025-09-17T03:17:35","modified_gmt":"2025-09-17T03:17:35","slug":"handelsbetingelser","status":"publish","type":"page","link":"https:\/\/shop.readunit.com\/da\/handelsbetingelser\/","title":{"rendered":"Handelsbetingelser"},"content":{"rendered":"\t\t<div data-elementor-type=\"wp-page\" data-elementor-id=\"2521\" class=\"elementor elementor-2521 elementor-2498\" data-elementor-post-type=\"page\">\n\t\t\t\t<div class=\"elementor-element elementor-element-6998bfe e-flex e-con-boxed e-con e-parent\" data-id=\"6998bfe\" data-element_type=\"container\">\r\n\t\t\t\t\t<div class=\"e-con-inner\">\r\n\t\t\t\t<div class=\"elementor-element elementor-element-92ca17d elementor-widget elementor-widget-porto_ultimate_heading\" data-id=\"92ca17d\" data-element_type=\"widget\" data-widget_type=\"porto_ultimate_heading.default\">\n\t\t\t\t\t<div class=\"porto-u-heading  porto-u-55ca8359258f9a412be7e73af65d2aac\"><div class=\"porto-u-sub-heading\" style=\"\"><p><span style=\"font-size: 48px;\">Handelsbetingelser<\/span><\/p><\/div><style>.porto-u-55ca8359258f9a412be7e73af65d2aac.porto-u-heading{text-align:center}<\/style><\/div>\t\t\t\t<\/div>\n\t\t\t\t<div class=\"elementor-element elementor-element-809cdf4 elementor-widget elementor-widget-text-editor\" data-id=\"809cdf4\" data-element_type=\"widget\" data-widget_type=\"text-editor.default\">\n\t\t\t\t\t\t\t\t\t<p data-start=\"310\" data-end=\"341\"> <\/p><p data-start=\"310\" data-end=\"341\"><strong data-start=\"310\" data-end=\"341\">Generelle oplysningerLast updated: Sept. 05, 2025<\/strong><\/p><h2>ReadUnit webshop<\/h2><h4>Ved at bruge vores hjemmeside og k\u00f8be vores produkter accepterer du f\u00f8lgende vilk\u00e5r og betingelser. L\u00e6s dem venligst grundigt. <\/h4>\t\t\t\t\t\t\t\t<\/div>\n\t\t\t\t\t<\/div>\n\t\t\t\t<\/div>\n\t\t<div class=\"elementor-element elementor-element-e31c683 e-flex e-con-boxed e-con e-parent\" data-id=\"e31c683\" data-element_type=\"container\">\r\n\t\t\t\t\t<div class=\"e-con-inner\">\r\n\t\t\t\t<div class=\"elementor-element elementor-element-dc89d57 elementor-widget elementor-widget-text-editor\" data-id=\"dc89d57\" data-element_type=\"widget\" data-widget_type=\"text-editor.default\">\n\t\t\t\t\t\t\t\t\t<h4>1.Generelle oplysninger<\/h4><p><strong>Readunit A\/S<\/strong><br>Bredgade 15.1<br>6000 Kolding<br>Danmark<\/p><p><strong>Telefonnummer<\/strong>: (+45) 69884748<br><strong>Mailadresse<\/strong>: support@readunit.com<br><strong>CVR-nummer<\/strong>: DK35521739<\/p><p><strong>Bank<\/strong><br>Skjern bank (SWIFT-code: SKJBDK22) <br>Registreringsnummer: 7780<br>Kontonummer: 0010295157<br>IBAN-kontonummer: DK4077800002369692<\/p><p>I tilf\u00e6lde af udsolgte varer, leverand\u00f8rsvigt eller udskudt leveringstid bestr\u00e6ber Readunit a\/s sig p\u00e5 hurtigst muligt at informere kunden herom, samt hvordan parterne kan l\u00f8se sagen \u2013 f.eks. ved kreditering af k\u00f8bet.<\/p><p><strong>Priser og prisfejl<\/strong><br><strong>ALLE priser er opgivet eksl. moms<\/strong><br>Hvis en pris \u00e5benlyst er beh\u00e6ftet med fejl, og kunden rimeligvis burde havde indset dette, er Readunit a\/s ikke forpligtet til at levere det p\u00e5g\u00e6ldende produkt til den forkerte pris.<\/p><hr><h4>2. Betaling<\/h4><p>Mulige betalingsmuligheder:<\/p><ul><li>VISA<\/li><li>Mastercard<\/li><li>MobilePay<\/li><li>Mastercard\/VISA Debit<\/li><\/ul><p>OBS: Der opkr\u00e6ves gebyrer p\u00e5 op til 1,55%, for brug af korttyper udstedt udenfor EU, Norge, Island og Schweiz samt erhvervskort udstedt i EU, Norge, Island og Schweiz. Gebyret oplyses f\u00f8rst p\u00e5 ordren n\u00e5r kortnummeret indtastes. Dette g\u00e6lder ogs\u00e5 MobilePay.  <\/p><p>Bel\u00f8bet for dit k\u00f8b tr\u00e6kkes f\u00f8rst p\u00e5 din konto, n\u00e5r varerne afsendes.<\/p><p>Ved betaling med internationale betalingskort &#8211; som fx Visa og MasterCard &#8211; vil betalingen blive reserveret p\u00e5 din konto i overensstemmelse med vilk\u00e5rene for dit kort, indtil vi tr\u00e6kker eller afviser betalingen. Der reserveres ikke et bel\u00f8b ved betaling med Dankort. Betaler du med MobilePay, er det det betalingskort, der ligger i appen, der bestemmer, om der sker reservation af betalingen.  <\/p><p>Hvis der opst\u00e5r problemer med den valgte betalingsmetode, forbeholder vi os retten til at kontakte dig for at dr\u00f8fte en alternativ betalingsmetode. Vi kan foresl\u00e5 \u00e6ndringer af betalingsmetoden i tilf\u00e6lde af tekniske fejl, mistanke om svindel eller manglende betaling, men s\u00e5danne \u00e6ndringer vil kun finde sted med dit samtykke. <\/p><p>Kan vi ikke kan n\u00e5 til enighed, eller hvis du ikke giver samtykke, forbeholder vi os retten til at afvise eller annullere ordren under de n\u00e6vnte omst\u00e6ndigheder.<\/p><p>Ved mistanke om svindel kan vi anmode om yderligere verifikation af dine betalingsoplysninger. Hvis din ordre afvises, vil vi straks informere dig og refundere ethvert bel\u00f8b, du har betalt <\/p><hr><h4>3. Fragt<\/h4><p>Readunit A\/S anvender webudbyderen Shipmondo til levering i Danmark. Levering til Gr\u00f8nland og F\u00e6r\u00f8erne forg\u00e5r med flytransport med PostNord og kan i s\u00e6rlige tilf\u00e6lde omdirigeres til skib. <\/p><p>Fragtmetode og estimeret leveringstid fremg\u00e5r ved bestilling af det enkelte produkt. Udvalget af fragtmetoder og dermed fragtpriser kan derfor variere, da forskellige \u00e5rsager s\u00e5som v\u00e6gt og varens dimensioner afg\u00f8r fragtmulighederne. Den forventede leveringstid for bestillingen, vises ved valg af leveringsmetode, i bestillingsforl\u00f8bet.  <\/p><p>Hvis du har valgt levering til en pakkeshop\/pakkeboks, hvor der ikke er plads, vil din leverance blive omdirigeret til en n\u00e6rliggende pakkeshop\/pakkeboks.<\/p><p><strong>Forsikring<\/strong><br>Readunit A\/S har tegnet en vareforsikring til d\u00e6kning af varens eventuelle beskadigelse eller bortkomst under transport.<\/p><p><strong>Ved modtagelse<\/strong><br>I tilf\u00e6lde af synlige fragtskader skal der reklameres samme dag, som varen modtages. For skjulte skader, skal der reklameres indenfor 5 arbejdsdage efter, at varen er modtaget. Reklameres der ikke indenfor ovenst\u00e5ende tidsfrister, kan reklamationen afvises. Reklamationer om fragtskader kan ogs\u00e5 afvises hvis varens emballage, og\/eller forsendelsens indpakning, er bortskaffet inden Readunit A\/S kontaktes.   <\/p><p>Ovenst\u00e5ende skal forst\u00e5s i overensstemmelse med k\u00f8bers unders\u00f8gelsespligt efter k\u00f8belovens \u00a7 51 og er for erhvervsdrivende g\u00e6ldende ved b\u00e5de civil- og handelsk\u00f8b.<\/p><p><strong>Anvendelse af tredjeparts transport\u00f8r<\/strong><br>I tilf\u00e6lde af, du som kunde, v\u00e6lger levering til anden transport\u00f8r, med hensigt for at videresende leverancen, bortfalder Proshops forpligtelser for varens stand, s\u00e5 snart anden transport\u00f8r modtager og afsender leverancen videre.<\/p><hr><h4>4. B2B<\/h4><p>For erhvervskunder g\u00e6lder f\u00f8lgende s\u00e6rlige betingelser:<\/p><ul><li>Ingen fortrydelsesret<\/li><li>12 m\u00e5neders reklamationsret<\/li><li>Fragt i forbindelse med reklamationssager sker p\u00e5 egen regning<\/li><li>Erhvervsk\u00f8b leveres med omdeling, hvorfor der vil v\u00e6re en fragtomkostning uanset ordrens st\u00f8rrelse<\/li><li>Vi opkr\u00e6ver kortgebyr p\u00e5 1,55% for kunder, der benytter erhvervskort.<\/li><\/ul><p>Ved k\u00f8b af varer, der ikke er p\u00e5 lager og derfor skal bestilles, tages der forbehold for, at den \u00f8nskede m\u00e6ngde ved bestillingen ikke kan opfyldes fuldt ud. Skulle dette v\u00e6re tilf\u00e6ldet, forbeholder vi os retten til at annullere ordren eller, med accept fra k\u00f8ber, at levere en mindre m\u00e6ngde end det bestilte. Dette g\u00f8res uden k\u00f8bers krav p\u00e5 efterf\u00f8lgende d\u00e6kningsk\u00f8b. <\/p><hr><h4>5. Garanti<\/h4><p>N\u00e5r du handler hos os som forbruger, g\u00e6lder k\u00f8belovens regler for varek\u00f8b. Det betyder, at du har reklamationsret i 12 m\u00e5neder.<\/p><p>Du bedes oprette en reklamationssag eller kontakte os, inden du sender varen. Hvis din reklamation er berettiget, betyder det, at du enten kan f\u00e5 varen repareret, ombyttet, pengene tilbage eller et afslag i prisen, afh\u00e6ngig af den konkrete situation. <\/p><p>Du skal reklamere inden for \u201drimelig tid\u201d efter, at du har opdaget fejlen. Hvis du reklamerer inden for to m\u00e5neder efter, at fejlen er opdaget, vil reklamationen altid v\u00e6re rettidig. <\/p><p>Der kan forekomme et testgebyr p\u00e5 DKK 250 pr. halve time inkl. Moms (dog maks. DKK 500 inkl. Moms), hvis det indsendte produkt testes fejlfrit ved Readunit A\/S, eller det konstateres at reklamationsret ikke er g\u00e6ldende.<\/p><p>Skyldes \u00e5rsagen til fejl eller defekt at varen har lidt fysisk overlast, v\u00e6skeskade eller p\u00e5 anden m\u00e5de er blevet behandlet i uoverensstemmelse med producentens forskrifter, kan vi ligeledes opkr\u00e6ve et testgebyr.<\/p><p><strong>Varens stand ved reklamation<\/strong><br>Husk at pakke varen forsvarligt ind sammen med alt evt. tilbeh\u00f8r, f.eks. kabler, l\u00e6sbare medier og lignende, som er knyttet til det produkt, der reklameres over.<\/p><p>Skader p\u00e5 produkter for\u00e5rsaget af betjenings- eller h\u00e5ndteringsfejl, modifikationer, installation af tredjepartssoftware eller groft misbrug er ikke d\u00e6kket af reklamationsretten.<br>Hvis klisterm\u00e6rket med serienummer, plombering eller lignende er fjernet fra produktet, kan det p\u00e5virke reklamationsretten. <\/p><p><strong>Varen sendes til:<\/strong><br>Readunit A\/S<br>Bredgade 15.1<br>6000 Kolding<br>Danmark<\/p><p>Vi modtager kun pakker, som sendes direkte til adressen.<br>Du kan bestille en returlabel hos os. <\/p><p>Bem\u00e6rk, at der ydes 12 m\u00e5neders reklamationsret til erhvervskunder.<\/p><hr><h4>6. Privatlivspolitik<\/h4><p>Vil du l\u00e6se vores persondatapolitik, kan du g\u00f8re det <a href=\"https:\/\/shop.readunit.com\/da\/privatlivspolitik\/\">her<\/a><\/p><hr><h4>7. Klager<\/h4><p>Hvis du som forbruger vil klage over dit k\u00f8b, skal du kontakte <strong>support@readunit.com<\/strong>.<\/p>\t\t\t\t\t\t\t\t<\/div>\n\t\t\t\t\t<\/div>\n\t\t\t\t<\/div>\n\t\t\t\t<\/div>\n\t\t","protected":false},"excerpt":{"rendered":"<p>Handelsbetingelser Generelle oplysningerLast updated: Sept. 05, 2025 ReadUnit webshop Ved at bruge vores hjemmeside og k\u00f8be vores produkter accepterer du f\u00f8lgende vilk\u00e5r og betingelser. L\u00e6s dem venligst grundigt. 1.Generelle oplysninger Readunit A\/SBredgade 15.16000 KoldingDanmark Telefonnummer: (+45) 69884748Mailadresse: support@readunit.comCVR-nummer: DK35521739 BankSkjern bank (SWIFT-code: SKJBDK22) Registreringsnummer: 7780Kontonummer: 0010295157IBAN-kontonummer: DK4077800002369692 I tilf\u00e6lde af udsolgte varer, leverand\u00f8rsvigt eller udskudt [&hellip;]<\/p>\n","protected":false},"author":1,"featured_media":0,"parent":0,"menu_order":0,"comment_status":"closed","ping_status":"closed","template":"","meta":{"footnotes":""},"class_list":["post-2521","page","type-page","status-publish","hentry"],"yoast_head":"<!-- This site is optimized with the Yoast SEO plugin v26.0 - https:\/\/yoast.com\/wordpress\/plugins\/seo\/ -->\n<title>Handelsbetingelser - Readunit<\/title>\n<meta name=\"robots\" content=\"index, follow, max-snippet:-1, max-image-preview:large, max-video-preview:-1\" \/>\n<link rel=\"canonical\" href=\"https:\/\/shop.readunit.com\/da\/handelsbetingelser\/\" \/>\n<meta property=\"og:locale\" content=\"da_DK\" \/>\n<meta property=\"og:type\" content=\"article\" \/>\n<meta property=\"og:title\" content=\"Handelsbetingelser - Readunit\" \/>\n<meta property=\"og:description\" content=\"Handelsbetingelser Generelle oplysningerLast updated: Sept. 05, 2025 ReadUnit webshop Ved at bruge vores hjemmeside og k\u00f8be vores produkter accepterer du f\u00f8lgende vilk\u00e5r og betingelser. L\u00e6s dem venligst grundigt. 1.Generelle oplysninger Readunit A\/SBredgade 15.16000 KoldingDanmark Telefonnummer: (+45) 69884748Mailadresse: support@readunit.comCVR-nummer: DK35521739 BankSkjern bank (SWIFT-code: SKJBDK22) Registreringsnummer: 7780Kontonummer: 0010295157IBAN-kontonummer: DK4077800002369692 I tilf\u00e6lde af udsolgte varer, leverand\u00f8rsvigt eller udskudt [&hellip;]\" \/>\n<meta property=\"og:url\" content=\"https:\/\/shop.readunit.com\/da\/handelsbetingelser\/\" \/>\n<meta property=\"og:site_name\" content=\"Readunit\" \/>\n<meta property=\"article:modified_time\" content=\"2025-09-17T03:17:35+00:00\" \/>\n<meta name=\"twitter:card\" content=\"summary_large_image\" \/>\n<meta name=\"twitter:label1\" content=\"Estimeret l\u00e6setid\" \/>\n\t<meta name=\"twitter:data1\" content=\"6 minutter\" \/>\n<script type=\"application\/ld+json\" class=\"yoast-schema-graph\">{\"@context\":\"https:\/\/schema.org\",\"@graph\":[{\"@type\":\"WebPage\",\"@id\":\"https:\/\/shop.readunit.com\/da\/handelsbetingelser\/\",\"url\":\"https:\/\/shop.readunit.com\/da\/handelsbetingelser\/\",\"name\":\"Handelsbetingelser - Readunit\",\"isPartOf\":{\"@id\":\"https:\/\/shop.readunit.com\/da\/#website\"},\"datePublished\":\"2025-09-05T09:11:30+00:00\",\"dateModified\":\"2025-09-17T03:17:35+00:00\",\"breadcrumb\":{\"@id\":\"https:\/\/shop.readunit.com\/da\/handelsbetingelser\/#breadcrumb\"},\"inLanguage\":\"da-DK\",\"potentialAction\":[{\"@type\":\"ReadAction\",\"target\":[\"https:\/\/shop.readunit.com\/da\/handelsbetingelser\/\"]}]},{\"@type\":\"BreadcrumbList\",\"@id\":\"https:\/\/shop.readunit.com\/da\/handelsbetingelser\/#breadcrumb\",\"itemListElement\":[{\"@type\":\"ListItem\",\"position\":1,\"name\":\"Home\",\"item\":\"https:\/\/shop.readunit.com\/da\/\"},{\"@type\":\"ListItem\",\"position\":2,\"name\":\"Handelsbetingelser\"}]},{\"@type\":\"WebSite\",\"@id\":\"https:\/\/shop.readunit.com\/da\/#website\",\"url\":\"https:\/\/shop.readunit.com\/da\/\",\"name\":\"Readunit\",\"description\":\"IT Services and IT Consulting\",\"publisher\":{\"@id\":\"https:\/\/shop.readunit.com\/da\/#organization\"},\"potentialAction\":[{\"@type\":\"SearchAction\",\"target\":{\"@type\":\"EntryPoint\",\"urlTemplate\":\"https:\/\/shop.readunit.com\/da\/?s={search_term_string}\"},\"query-input\":{\"@type\":\"PropertyValueSpecification\",\"valueRequired\":true,\"valueName\":\"search_term_string\"}}],\"inLanguage\":\"da-DK\"},{\"@type\":\"Organization\",\"@id\":\"https:\/\/shop.readunit.com\/da\/#organization\",\"name\":\"Readunit\",\"url\":\"https:\/\/shop.readunit.com\/da\/\",\"logo\":{\"@type\":\"ImageObject\",\"inLanguage\":\"da-DK\",\"@id\":\"https:\/\/shop.readunit.com\/da\/#\/schema\/logo\/image\/\",\"url\":\"https:\/\/staging.readunit.com\/wp-content\/uploads\/2025\/09\/logo_readunit_webshop_133px.svg\",\"contentUrl\":\"https:\/\/staging.readunit.com\/wp-content\/uploads\/2025\/09\/logo_readunit_webshop_133px.svg\",\"width\":134,\"height\":19,\"caption\":\"Readunit\"},\"image\":{\"@id\":\"https:\/\/shop.readunit.com\/da\/#\/schema\/logo\/image\/\"}}]}<\/script>\n<!-- \/ Yoast SEO plugin. -->","yoast_head_json":{"title":"Handelsbetingelser - Readunit","robots":{"index":"index","follow":"follow","max-snippet":"max-snippet:-1","max-image-preview":"max-image-preview:large","max-video-preview":"max-video-preview:-1"},"canonical":"https:\/\/shop.readunit.com\/da\/handelsbetingelser\/","og_locale":"da_DK","og_type":"article","og_title":"Handelsbetingelser - Readunit","og_description":"Handelsbetingelser Generelle oplysningerLast updated: Sept. 05, 2025 ReadUnit webshop Ved at bruge vores hjemmeside og k\u00f8be vores produkter accepterer du f\u00f8lgende vilk\u00e5r og betingelser. L\u00e6s dem venligst grundigt. 1.Generelle oplysninger Readunit A\/SBredgade 15.16000 KoldingDanmark Telefonnummer: (+45) 69884748Mailadresse: support@readunit.comCVR-nummer: DK35521739 BankSkjern bank (SWIFT-code: SKJBDK22) Registreringsnummer: 7780Kontonummer: 0010295157IBAN-kontonummer: DK4077800002369692 I tilf\u00e6lde af udsolgte varer, leverand\u00f8rsvigt eller udskudt [&hellip;]","og_url":"https:\/\/shop.readunit.com\/da\/handelsbetingelser\/","og_site_name":"Readunit","article_modified_time":"2025-09-17T03:17:35+00:00","twitter_card":"summary_large_image","twitter_misc":{"Estimeret l\u00e6setid":"6 minutter"},"schema":{"@context":"https:\/\/schema.org","@graph":[{"@type":"WebPage","@id":"https:\/\/shop.readunit.com\/da\/handelsbetingelser\/","url":"https:\/\/shop.readunit.com\/da\/handelsbetingelser\/","name":"Handelsbetingelser - Readunit","isPartOf":{"@id":"https:\/\/shop.readunit.com\/da\/#website"},"datePublished":"2025-09-05T09:11:30+00:00","dateModified":"2025-09-17T03:17:35+00:00","breadcrumb":{"@id":"https:\/\/shop.readunit.com\/da\/handelsbetingelser\/#breadcrumb"},"inLanguage":"da-DK","potentialAction":[{"@type":"ReadAction","target":["https:\/\/shop.readunit.com\/da\/handelsbetingelser\/"]}]},{"@type":"BreadcrumbList","@id":"https:\/\/shop.readunit.com\/da\/handelsbetingelser\/#breadcrumb","itemListElement":[{"@type":"ListItem","position":1,"name":"Home","item":"https:\/\/shop.readunit.com\/da\/"},{"@type":"ListItem","position":2,"name":"Handelsbetingelser"}]},{"@type":"WebSite","@id":"https:\/\/shop.readunit.com\/da\/#website","url":"https:\/\/shop.readunit.com\/da\/","name":"Readunit","description":"IT Services and IT Consulting","publisher":{"@id":"https:\/\/shop.readunit.com\/da\/#organization"},"potentialAction":[{"@type":"SearchAction","target":{"@type":"EntryPoint","urlTemplate":"https:\/\/shop.readunit.com\/da\/?s={search_term_string}"},"query-input":{"@type":"PropertyValueSpecification","valueRequired":true,"valueName":"search_term_string"}}],"inLanguage":"da-DK"},{"@type":"Organization","@id":"https:\/\/shop.readunit.com\/da\/#organization","name":"Readunit","url":"https:\/\/shop.readunit.com\/da\/","logo":{"@type":"ImageObject","inLanguage":"da-DK","@id":"https:\/\/shop.readunit.com\/da\/#\/schema\/logo\/image\/","url":"https:\/\/staging.readunit.com\/wp-content\/uploads\/2025\/09\/logo_readunit_webshop_133px.svg","contentUrl":"https:\/\/staging.readunit.com\/wp-content\/uploads\/2025\/09\/logo_readunit_webshop_133px.svg","width":134,"height":19,"caption":"Readunit"},"image":{"@id":"https:\/\/shop.readunit.com\/da\/#\/schema\/logo\/image\/"}}]}},"_links":{"self":[{"href":"https:\/\/shop.readunit.com\/da\/wp-json\/wp\/v2\/pages\/2521","targetHints":{"allow":["GET"]}}],"collection":[{"href":"https:\/\/shop.readunit.com\/da\/wp-json\/wp\/v2\/pages"}],"about":[{"href":"https:\/\/shop.readunit.com\/da\/wp-json\/wp\/v2\/types\/page"}],"author":[{"embeddable":true,"href":"https:\/\/shop.readunit.com\/da\/wp-json\/wp\/v2\/users\/1"}],"replies":[{"embeddable":true,"href":"https:\/\/shop.readunit.com\/da\/wp-json\/wp\/v2\/comments?post=2521"}],"version-history":[{"count":15,"href":"https:\/\/shop.readunit.com\/da\/wp-json\/wp\/v2\/pages\/2521\/revisions"}],"predecessor-version":[{"id":3161,"href":"https:\/\/shop.readunit.com\/da\/wp-json\/wp\/v2\/pages\/2521\/revisions\/3161"}],"wp:attachment":[{"href":"https:\/\/shop.readunit.com\/da\/wp-json\/wp\/v2\/media?parent=2521"}],"curies":[{"name":"wp","href":"https:\/\/api.w.org\/{rel}","templated":true}]}}