{"id":2457,"date":"2025-09-01T06:56:18","date_gmt":"2025-09-01T06:56:18","guid":{"rendered":"https:\/\/staging.readunit.com\/product\/ru-clip-nfc-1356-mhz-50-stk\/"},"modified":"2025-11-03T14:19:49","modified_gmt":"2025-11-03T14:19:49","slug":"ru-clip-nfc-1356-mhz-50-stk","status":"publish","type":"product","link":"https:\/\/shop.readunit.com\/da\/product\/ru-clip-nfc-1356-mhz-50-stk\/","title":{"rendered":"RU Clip NFC 13,56 Mhz (50 pcs.)"},"content":{"rendered":"<p><strong>Denne NFC-chip er et fremragende valg til udstyrsm\u00e6rkning.<\/strong><br \/>\nDen er lavet af slidst\u00e6rk h\u00e5rd ABS-plast, hvilket g\u00f8r den meget modstandsdygtig over for slid. Derudover er den velegnet til m\u00e6rkning af kabler, rundsling og mange andre typer udstyr.<br \/>\nMed en IP68-klassificering er den fuldt beskyttet mod st\u00f8v og vandindtr\u00e6ngning.<br \/>\nKlemmerne er designet som forseglingstags, hvilket betyder, at de ikke kan fjernes, n\u00e5r de er lukket. Det kr\u00e6ver et v\u00e6rkt\u00f8j at klippe dem, n\u00e5r de er fastgjort.<\/p>\n<ul>\n<li>ReWriteble NFC-funktionalitet<\/li>\n<li>Anti-tamper<\/li>\n<li>Industriel &amp; udend\u00f8rs brug (IP68 vand- og st\u00f8vafvisende)<\/li>\n<\/ul>\n<p>\u200dIdeel til aktivm\u00e6rkning, sikkerhedsapplikationer og kontrollerede adgangsl\u00f8sninger.<\/p>\n","protected":false},"excerpt":{"rendered":"<p>Denne NFC-chip er et fremragende valg til udstyrsm\u00e6rkning.<br \/>\nDen er lavet af slidst\u00e6rk h\u00e5rd plast, hvilket g\u00f8r den meget modstandsdygtig over for slid. Derudover er den velegnet til m\u00e6rkning af kabler, rundsling og mange andre typer udstyr. Med en IP68-klassificering er den fuldt beskyttet mod st\u00f8v og vandindtr\u00e6ngning.<\/p>\n","protected":false},"featured_media":2461,"template":"","meta":[],"product_brand":[],"product_cat":[100],"product_tag":[],"class_list":{"0":"post-2457","1":"product","2":"type-product","3":"status-publish","4":"has-post-thumbnail","6":"product_cat-nfc-chip","8":"first","9":"instock","10":"taxable","11":"shipping-taxable","12":"purchasable","13":"product-type-simple"},"yoast_head":"<!-- This site is optimized with the Yoast SEO plugin v26.0 - https:\/\/yoast.com\/wordpress\/plugins\/seo\/ -->\n<title>RU Clip NFC 13,56 Mhz (50 pcs.) - Readunit<\/title>\n<meta name=\"robots\" content=\"index, follow, max-snippet:-1, max-image-preview:large, max-video-preview:-1\" \/>\n<link rel=\"canonical\" href=\"https:\/\/shop.readunit.com\/da\/product\/ru-clip-nfc-1356-mhz-50-stk\/\" \/>\n<meta property=\"og:locale\" content=\"da_DK\" \/>\n<meta property=\"og:type\" content=\"article\" \/>\n<meta property=\"og:title\" content=\"RU Clip NFC 13,56 Mhz (50 pcs.) - Readunit\" \/>\n<meta property=\"og:description\" content=\"Denne NFC-chip er et fremragende valg til udstyrsm\u00e6rkning. Den er lavet af slidst\u00e6rk h\u00e5rd plast, hvilket g\u00f8r den meget modstandsdygtig over for slid. Derudover er den velegnet til m\u00e6rkning af kabler, rundsling og mange andre typer udstyr. Med en IP68-klassificering er den fuldt beskyttet mod st\u00f8v og vandindtr\u00e6ngning.\" \/>\n<meta property=\"og:url\" content=\"https:\/\/shop.readunit.com\/da\/product\/ru-clip-nfc-1356-mhz-50-stk\/\" \/>\n<meta property=\"og:site_name\" content=\"Readunit\" \/>\n<meta property=\"article:modified_time\" content=\"2025-11-03T14:19:49+00:00\" \/>\n<meta property=\"og:image\" content=\"https:\/\/shop.readunit.com\/wp-content\/uploads\/2025\/09\/Product-images-6_0-3.jpg\" \/>\n\t<meta property=\"og:image:width\" content=\"1200\" \/>\n\t<meta property=\"og:image:height\" content=\"1200\" \/>\n\t<meta property=\"og:image:type\" content=\"image\/jpeg\" \/>\n<meta name=\"twitter:card\" content=\"summary_large_image\" \/>\n<meta name=\"twitter:label1\" content=\"Estimeret l\u00e6setid\" \/>\n\t<meta name=\"twitter:data1\" content=\"1 minut\" \/>\n<script type=\"application\/ld+json\" class=\"yoast-schema-graph\">{\"@context\":\"https:\/\/schema.org\",\"@graph\":[{\"@type\":\"WebPage\",\"@id\":\"https:\/\/shop.readunit.com\/da\/product\/ru-clip-nfc-1356-mhz-50-stk\/\",\"url\":\"https:\/\/shop.readunit.com\/da\/product\/ru-clip-nfc-1356-mhz-50-stk\/\",\"name\":\"RU Clip NFC 13,56 Mhz (50 pcs.) - Readunit\",\"isPartOf\":{\"@id\":\"https:\/\/shop.readunit.com\/da\/#website\"},\"primaryImageOfPage\":{\"@id\":\"https:\/\/shop.readunit.com\/da\/product\/ru-clip-nfc-1356-mhz-50-stk\/#primaryimage\"},\"image\":{\"@id\":\"https:\/\/shop.readunit.com\/da\/product\/ru-clip-nfc-1356-mhz-50-stk\/#primaryimage\"},\"thumbnailUrl\":\"https:\/\/shop.readunit.com\/wp-content\/uploads\/2025\/09\/Product-images-6_0-3.jpg\",\"datePublished\":\"2025-09-01T06:56:18+00:00\",\"dateModified\":\"2025-11-03T14:19:49+00:00\",\"breadcrumb\":{\"@id\":\"https:\/\/shop.readunit.com\/da\/product\/ru-clip-nfc-1356-mhz-50-stk\/#breadcrumb\"},\"inLanguage\":\"da-DK\",\"potentialAction\":[{\"@type\":\"ReadAction\",\"target\":[\"https:\/\/shop.readunit.com\/da\/product\/ru-clip-nfc-1356-mhz-50-stk\/\"]}]},{\"@type\":\"ImageObject\",\"inLanguage\":\"da-DK\",\"@id\":\"https:\/\/shop.readunit.com\/da\/product\/ru-clip-nfc-1356-mhz-50-stk\/#primaryimage\",\"url\":\"https:\/\/shop.readunit.com\/wp-content\/uploads\/2025\/09\/Product-images-6_0-3.jpg\",\"contentUrl\":\"https:\/\/shop.readunit.com\/wp-content\/uploads\/2025\/09\/Product-images-6_0-3.jpg\",\"width\":1200,\"height\":1200},{\"@type\":\"BreadcrumbList\",\"@id\":\"https:\/\/shop.readunit.com\/da\/product\/ru-clip-nfc-1356-mhz-50-stk\/#breadcrumb\",\"itemListElement\":[{\"@type\":\"ListItem\",\"position\":1,\"name\":\"Home\",\"item\":\"https:\/\/shop.readunit.com\/da\/\"},{\"@type\":\"ListItem\",\"position\":2,\"name\":\"Shop\",\"item\":\"https:\/\/shop.readunit.com\/\"},{\"@type\":\"ListItem\",\"position\":3,\"name\":\"RU Clip NFC 13,56 Mhz (50 pcs.)\"}]},{\"@type\":\"WebSite\",\"@id\":\"https:\/\/shop.readunit.com\/da\/#website\",\"url\":\"https:\/\/shop.readunit.com\/da\/\",\"name\":\"Readunit\",\"description\":\"IT Services and IT Consulting\",\"publisher\":{\"@id\":\"https:\/\/shop.readunit.com\/da\/#organization\"},\"potentialAction\":[{\"@type\":\"SearchAction\",\"target\":{\"@type\":\"EntryPoint\",\"urlTemplate\":\"https:\/\/shop.readunit.com\/da\/?s={search_term_string}\"},\"query-input\":{\"@type\":\"PropertyValueSpecification\",\"valueRequired\":true,\"valueName\":\"search_term_string\"}}],\"inLanguage\":\"da-DK\"},{\"@type\":\"Organization\",\"@id\":\"https:\/\/shop.readunit.com\/da\/#organization\",\"name\":\"Readunit\",\"url\":\"https:\/\/shop.readunit.com\/da\/\",\"logo\":{\"@type\":\"ImageObject\",\"inLanguage\":\"da-DK\",\"@id\":\"https:\/\/shop.readunit.com\/da\/#\/schema\/logo\/image\/\",\"url\":\"https:\/\/staging.readunit.com\/wp-content\/uploads\/2025\/09\/logo_readunit_webshop_133px.svg\",\"contentUrl\":\"https:\/\/staging.readunit.com\/wp-content\/uploads\/2025\/09\/logo_readunit_webshop_133px.svg\",\"width\":134,\"height\":19,\"caption\":\"Readunit\"},\"image\":{\"@id\":\"https:\/\/shop.readunit.com\/da\/#\/schema\/logo\/image\/\"}}]}<\/script>\n<!-- \/ Yoast SEO plugin. -->","yoast_head_json":{"title":"RU Clip NFC 13,56 Mhz (50 pcs.) - Readunit","robots":{"index":"index","follow":"follow","max-snippet":"max-snippet:-1","max-image-preview":"max-image-preview:large","max-video-preview":"max-video-preview:-1"},"canonical":"https:\/\/shop.readunit.com\/da\/product\/ru-clip-nfc-1356-mhz-50-stk\/","og_locale":"da_DK","og_type":"article","og_title":"RU Clip NFC 13,56 Mhz (50 pcs.) - Readunit","og_description":"Denne NFC-chip er et fremragende valg til udstyrsm\u00e6rkning. Den er lavet af slidst\u00e6rk h\u00e5rd plast, hvilket g\u00f8r den meget modstandsdygtig over for slid. Derudover er den velegnet til m\u00e6rkning af kabler, rundsling og mange andre typer udstyr. Med en IP68-klassificering er den fuldt beskyttet mod st\u00f8v og vandindtr\u00e6ngning.","og_url":"https:\/\/shop.readunit.com\/da\/product\/ru-clip-nfc-1356-mhz-50-stk\/","og_site_name":"Readunit","article_modified_time":"2025-11-03T14:19:49+00:00","og_image":[{"width":1200,"height":1200,"url":"https:\/\/shop.readunit.com\/wp-content\/uploads\/2025\/09\/Product-images-6_0-3.jpg","type":"image\/jpeg"}],"twitter_card":"summary_large_image","twitter_misc":{"Estimeret l\u00e6setid":"1 minut"},"schema":{"@context":"https:\/\/schema.org","@graph":[{"@type":"WebPage","@id":"https:\/\/shop.readunit.com\/da\/product\/ru-clip-nfc-1356-mhz-50-stk\/","url":"https:\/\/shop.readunit.com\/da\/product\/ru-clip-nfc-1356-mhz-50-stk\/","name":"RU Clip NFC 13,56 Mhz (50 pcs.) - Readunit","isPartOf":{"@id":"https:\/\/shop.readunit.com\/da\/#website"},"primaryImageOfPage":{"@id":"https:\/\/shop.readunit.com\/da\/product\/ru-clip-nfc-1356-mhz-50-stk\/#primaryimage"},"image":{"@id":"https:\/\/shop.readunit.com\/da\/product\/ru-clip-nfc-1356-mhz-50-stk\/#primaryimage"},"thumbnailUrl":"https:\/\/shop.readunit.com\/wp-content\/uploads\/2025\/09\/Product-images-6_0-3.jpg","datePublished":"2025-09-01T06:56:18+00:00","dateModified":"2025-11-03T14:19:49+00:00","breadcrumb":{"@id":"https:\/\/shop.readunit.com\/da\/product\/ru-clip-nfc-1356-mhz-50-stk\/#breadcrumb"},"inLanguage":"da-DK","potentialAction":[{"@type":"ReadAction","target":["https:\/\/shop.readunit.com\/da\/product\/ru-clip-nfc-1356-mhz-50-stk\/"]}]},{"@type":"ImageObject","inLanguage":"da-DK","@id":"https:\/\/shop.readunit.com\/da\/product\/ru-clip-nfc-1356-mhz-50-stk\/#primaryimage","url":"https:\/\/shop.readunit.com\/wp-content\/uploads\/2025\/09\/Product-images-6_0-3.jpg","contentUrl":"https:\/\/shop.readunit.com\/wp-content\/uploads\/2025\/09\/Product-images-6_0-3.jpg","width":1200,"height":1200},{"@type":"BreadcrumbList","@id":"https:\/\/shop.readunit.com\/da\/product\/ru-clip-nfc-1356-mhz-50-stk\/#breadcrumb","itemListElement":[{"@type":"ListItem","position":1,"name":"Home","item":"https:\/\/shop.readunit.com\/da\/"},{"@type":"ListItem","position":2,"name":"Shop","item":"https:\/\/shop.readunit.com\/"},{"@type":"ListItem","position":3,"name":"RU Clip NFC 13,56 Mhz (50 pcs.)"}]},{"@type":"WebSite","@id":"https:\/\/shop.readunit.com\/da\/#website","url":"https:\/\/shop.readunit.com\/da\/","name":"Readunit","description":"IT Services and IT Consulting","publisher":{"@id":"https:\/\/shop.readunit.com\/da\/#organization"},"potentialAction":[{"@type":"SearchAction","target":{"@type":"EntryPoint","urlTemplate":"https:\/\/shop.readunit.com\/da\/?s={search_term_string}"},"query-input":{"@type":"PropertyValueSpecification","valueRequired":true,"valueName":"search_term_string"}}],"inLanguage":"da-DK"},{"@type":"Organization","@id":"https:\/\/shop.readunit.com\/da\/#organization","name":"Readunit","url":"https:\/\/shop.readunit.com\/da\/","logo":{"@type":"ImageObject","inLanguage":"da-DK","@id":"https:\/\/shop.readunit.com\/da\/#\/schema\/logo\/image\/","url":"https:\/\/staging.readunit.com\/wp-content\/uploads\/2025\/09\/logo_readunit_webshop_133px.svg","contentUrl":"https:\/\/staging.readunit.com\/wp-content\/uploads\/2025\/09\/logo_readunit_webshop_133px.svg","width":134,"height":19,"caption":"Readunit"},"image":{"@id":"https:\/\/shop.readunit.com\/da\/#\/schema\/logo\/image\/"}}]}},"_links":{"self":[{"href":"https:\/\/shop.readunit.com\/da\/wp-json\/wp\/v2\/product\/2457","targetHints":{"allow":["GET"]}}],"collection":[{"href":"https:\/\/shop.readunit.com\/da\/wp-json\/wp\/v2\/product"}],"about":[{"href":"https:\/\/shop.readunit.com\/da\/wp-json\/wp\/v2\/types\/product"}],"wp:featuredmedia":[{"embeddable":true,"href":"https:\/\/shop.readunit.com\/da\/wp-json\/wp\/v2\/media\/2461"}],"wp:attachment":[{"href":"https:\/\/shop.readunit.com\/da\/wp-json\/wp\/v2\/media?parent=2457"}],"wp:term":[{"taxonomy":"product_brand","embeddable":true,"href":"https:\/\/shop.readunit.com\/da\/wp-json\/wp\/v2\/product_brand?post=2457"},{"taxonomy":"product_cat","embeddable":true,"href":"https:\/\/shop.readunit.com\/da\/wp-json\/wp\/v2\/product_cat?post=2457"},{"taxonomy":"product_tag","embeddable":true,"href":"https:\/\/shop.readunit.com\/da\/wp-json\/wp\/v2\/product_tag?post=2457"}],"curies":[{"name":"wp","href":"https:\/\/api.w.org\/{rel}","templated":true}]}}