{"id":2465,"date":"2025-09-02T08:41:30","date_gmt":"2025-09-02T08:41:30","guid":{"rendered":"https:\/\/staging.readunit.com\/product\/ru-metal-weld\/"},"modified":"2026-02-04T08:07:35","modified_gmt":"2026-02-04T08:07:35","slug":"ru-metal-weld","status":"publish","type":"product","link":"https:\/\/shop.readunit.com\/da\/product\/ru-metal-weld\/","title":{"rendered":"RU Metal Weld"},"content":{"rendered":"<p data-start=\"156\" data-end=\"341\">Metal Weld er en isocyanatfri, tokomponent methacrylatkl\u00e6ber, der er specifikt udviklet til strukturel sammenf\u00f8jning af de fleste metaller samt en bred vifte af kompositmaterialer.<\/p>\n<p data-start=\"343\" data-end=\"650\">Metal Weld er s\u00e6rligt velegnet til at skabe st\u00e6rke og holdbare samlinger p\u00e5 forskellige (metal) overflader, s\u00e5som st\u00e5l og aluminium. Den giver ogs\u00e5 fremragende vedh\u00e6ftning p\u00e5 talrige kompositmaterialer og opn\u00e5r ekstremt h\u00f8j forskydningsstyrke efter h\u00e6rdning \u2013 og alt dette uden behov for primer.<\/p>\n<p data-start=\"652\" data-end=\"1019\">Limen er meget modstandsdygtig over for UV-str\u00e5ling, kemikalier og vejrp\u00e5virkninger, hvilket sikrer langvarig holdbarhed og farvestabilitet. Med en arbejdstid p\u00e5 8-10 minutter giver Metal Weld mulighed for pr\u00e6cis justering af dele, f\u00f8r h\u00e6rdningen begynder. Takket v\u00e6re dens thixotrope konsistens forbliver produktet stabilt p\u00e5 lodrette overflader og er ogs\u00e5 ideelt til udfyldning af mellemrum.<\/p>\n<p data-start=\"1021\" data-end=\"1380\">Metal Weld er exceptionelt brugervenlig og muligg\u00f8r meget pr\u00e6cis dosering takket v\u00e6re det praktiske dobbeltpatronsystem med statisk blandedyse og p\u00e5f\u00f8ringspistol. Den specialdesignede blandedyse sikrer det korrekte blandingsforhold til enhver tid. Efter brug fjernes dysen blot, og patronen forsegles ved at s\u00e6tte h\u00e6tten tilbage i dens oprindelige position.<\/p>\n","protected":false},"excerpt":{"rendered":"<p>Metal Weld er en isocyanatfri, tokomponent methacrylatkl\u00e6ber, der er perfekt egnet til sammenf\u00f8jning af n\u00e6sten alle metaller, plastik og en bred vifte af kompositmaterialer.<\/p>\n","protected":false},"featured_media":2466,"template":"","meta":[],"product_brand":[],"product_cat":[99],"product_tag":[],"class_list":{"0":"post-2465","1":"product","2":"type-product","3":"status-publish","4":"has-post-thumbnail","6":"product_cat-lim-og-tilbehoer","8":"first","9":"instock","10":"taxable","11":"shipping-taxable","12":"purchasable","13":"product-type-simple"},"yoast_head":"<!-- This site is optimized with the Yoast SEO plugin v26.0 - https:\/\/yoast.com\/wordpress\/plugins\/seo\/ -->\n<title>RU Metal Weld - Readunit<\/title>\n<meta name=\"robots\" content=\"index, follow, max-snippet:-1, max-image-preview:large, max-video-preview:-1\" \/>\n<link rel=\"canonical\" href=\"https:\/\/shop.readunit.com\/da\/product\/ru-metal-weld\/\" \/>\n<meta property=\"og:locale\" content=\"da_DK\" \/>\n<meta property=\"og:type\" content=\"article\" \/>\n<meta property=\"og:title\" content=\"RU Metal Weld - Readunit\" \/>\n<meta property=\"og:description\" content=\"Metal Weld er en isocyanatfri, tokomponent methacrylatkl\u00e6ber, der er perfekt egnet til sammenf\u00f8jning af n\u00e6sten alle metaller, plastik og en bred vifte af kompositmaterialer.\" \/>\n<meta property=\"og:url\" content=\"https:\/\/shop.readunit.com\/da\/product\/ru-metal-weld\/\" \/>\n<meta property=\"og:site_name\" content=\"Readunit\" \/>\n<meta property=\"article:modified_time\" content=\"2026-02-04T08:07:35+00:00\" \/>\n<meta property=\"og:image\" content=\"https:\/\/shop.readunit.com\/wp-content\/uploads\/2025\/09\/Product-images-2_0.jpg\" \/>\n\t<meta property=\"og:image:width\" content=\"1200\" \/>\n\t<meta property=\"og:image:height\" content=\"1200\" \/>\n\t<meta property=\"og:image:type\" content=\"image\/jpeg\" \/>\n<meta name=\"twitter:card\" content=\"summary_large_image\" \/>\n<meta name=\"twitter:label1\" content=\"Estimeret l\u00e6setid\" \/>\n\t<meta name=\"twitter:data1\" content=\"1 minut\" \/>\n<script type=\"application\/ld+json\" class=\"yoast-schema-graph\">{\"@context\":\"https:\/\/schema.org\",\"@graph\":[{\"@type\":\"WebPage\",\"@id\":\"https:\/\/shop.readunit.com\/da\/product\/ru-metal-weld\/\",\"url\":\"https:\/\/shop.readunit.com\/da\/product\/ru-metal-weld\/\",\"name\":\"RU Metal Weld - Readunit\",\"isPartOf\":{\"@id\":\"https:\/\/shop.readunit.com\/da\/#website\"},\"primaryImageOfPage\":{\"@id\":\"https:\/\/shop.readunit.com\/da\/product\/ru-metal-weld\/#primaryimage\"},\"image\":{\"@id\":\"https:\/\/shop.readunit.com\/da\/product\/ru-metal-weld\/#primaryimage\"},\"thumbnailUrl\":\"https:\/\/shop.readunit.com\/wp-content\/uploads\/2025\/09\/Product-images-2_0.jpg\",\"datePublished\":\"2025-09-02T08:41:30+00:00\",\"dateModified\":\"2026-02-04T08:07:35+00:00\",\"breadcrumb\":{\"@id\":\"https:\/\/shop.readunit.com\/da\/product\/ru-metal-weld\/#breadcrumb\"},\"inLanguage\":\"da-DK\",\"potentialAction\":[{\"@type\":\"ReadAction\",\"target\":[\"https:\/\/shop.readunit.com\/da\/product\/ru-metal-weld\/\"]}]},{\"@type\":\"ImageObject\",\"inLanguage\":\"da-DK\",\"@id\":\"https:\/\/shop.readunit.com\/da\/product\/ru-metal-weld\/#primaryimage\",\"url\":\"https:\/\/shop.readunit.com\/wp-content\/uploads\/2025\/09\/Product-images-2_0.jpg\",\"contentUrl\":\"https:\/\/shop.readunit.com\/wp-content\/uploads\/2025\/09\/Product-images-2_0.jpg\",\"width\":1200,\"height\":1200},{\"@type\":\"BreadcrumbList\",\"@id\":\"https:\/\/shop.readunit.com\/da\/product\/ru-metal-weld\/#breadcrumb\",\"itemListElement\":[{\"@type\":\"ListItem\",\"position\":1,\"name\":\"Home\",\"item\":\"https:\/\/shop.readunit.com\/da\/\"},{\"@type\":\"ListItem\",\"position\":2,\"name\":\"Shop\",\"item\":\"https:\/\/shop.readunit.com\/\"},{\"@type\":\"ListItem\",\"position\":3,\"name\":\"RU Metal Weld\"}]},{\"@type\":\"WebSite\",\"@id\":\"https:\/\/shop.readunit.com\/da\/#website\",\"url\":\"https:\/\/shop.readunit.com\/da\/\",\"name\":\"Readunit\",\"description\":\"IT Services and IT Consulting\",\"publisher\":{\"@id\":\"https:\/\/shop.readunit.com\/da\/#organization\"},\"potentialAction\":[{\"@type\":\"SearchAction\",\"target\":{\"@type\":\"EntryPoint\",\"urlTemplate\":\"https:\/\/shop.readunit.com\/da\/?s={search_term_string}\"},\"query-input\":{\"@type\":\"PropertyValueSpecification\",\"valueRequired\":true,\"valueName\":\"search_term_string\"}}],\"inLanguage\":\"da-DK\"},{\"@type\":\"Organization\",\"@id\":\"https:\/\/shop.readunit.com\/da\/#organization\",\"name\":\"Readunit\",\"url\":\"https:\/\/shop.readunit.com\/da\/\",\"logo\":{\"@type\":\"ImageObject\",\"inLanguage\":\"da-DK\",\"@id\":\"https:\/\/shop.readunit.com\/da\/#\/schema\/logo\/image\/\",\"url\":\"https:\/\/staging.readunit.com\/wp-content\/uploads\/2025\/09\/logo_readunit_webshop_133px.svg\",\"contentUrl\":\"https:\/\/staging.readunit.com\/wp-content\/uploads\/2025\/09\/logo_readunit_webshop_133px.svg\",\"width\":134,\"height\":19,\"caption\":\"Readunit\"},\"image\":{\"@id\":\"https:\/\/shop.readunit.com\/da\/#\/schema\/logo\/image\/\"}}]}<\/script>\n<!-- \/ Yoast SEO plugin. -->","yoast_head_json":{"title":"RU Metal Weld - Readunit","robots":{"index":"index","follow":"follow","max-snippet":"max-snippet:-1","max-image-preview":"max-image-preview:large","max-video-preview":"max-video-preview:-1"},"canonical":"https:\/\/shop.readunit.com\/da\/product\/ru-metal-weld\/","og_locale":"da_DK","og_type":"article","og_title":"RU Metal Weld - Readunit","og_description":"Metal Weld er en isocyanatfri, tokomponent methacrylatkl\u00e6ber, der er perfekt egnet til sammenf\u00f8jning af n\u00e6sten alle metaller, plastik og en bred vifte af kompositmaterialer.","og_url":"https:\/\/shop.readunit.com\/da\/product\/ru-metal-weld\/","og_site_name":"Readunit","article_modified_time":"2026-02-04T08:07:35+00:00","og_image":[{"width":1200,"height":1200,"url":"https:\/\/shop.readunit.com\/wp-content\/uploads\/2025\/09\/Product-images-2_0.jpg","type":"image\/jpeg"}],"twitter_card":"summary_large_image","twitter_misc":{"Estimeret l\u00e6setid":"1 minut"},"schema":{"@context":"https:\/\/schema.org","@graph":[{"@type":"WebPage","@id":"https:\/\/shop.readunit.com\/da\/product\/ru-metal-weld\/","url":"https:\/\/shop.readunit.com\/da\/product\/ru-metal-weld\/","name":"RU Metal Weld - Readunit","isPartOf":{"@id":"https:\/\/shop.readunit.com\/da\/#website"},"primaryImageOfPage":{"@id":"https:\/\/shop.readunit.com\/da\/product\/ru-metal-weld\/#primaryimage"},"image":{"@id":"https:\/\/shop.readunit.com\/da\/product\/ru-metal-weld\/#primaryimage"},"thumbnailUrl":"https:\/\/shop.readunit.com\/wp-content\/uploads\/2025\/09\/Product-images-2_0.jpg","datePublished":"2025-09-02T08:41:30+00:00","dateModified":"2026-02-04T08:07:35+00:00","breadcrumb":{"@id":"https:\/\/shop.readunit.com\/da\/product\/ru-metal-weld\/#breadcrumb"},"inLanguage":"da-DK","potentialAction":[{"@type":"ReadAction","target":["https:\/\/shop.readunit.com\/da\/product\/ru-metal-weld\/"]}]},{"@type":"ImageObject","inLanguage":"da-DK","@id":"https:\/\/shop.readunit.com\/da\/product\/ru-metal-weld\/#primaryimage","url":"https:\/\/shop.readunit.com\/wp-content\/uploads\/2025\/09\/Product-images-2_0.jpg","contentUrl":"https:\/\/shop.readunit.com\/wp-content\/uploads\/2025\/09\/Product-images-2_0.jpg","width":1200,"height":1200},{"@type":"BreadcrumbList","@id":"https:\/\/shop.readunit.com\/da\/product\/ru-metal-weld\/#breadcrumb","itemListElement":[{"@type":"ListItem","position":1,"name":"Home","item":"https:\/\/shop.readunit.com\/da\/"},{"@type":"ListItem","position":2,"name":"Shop","item":"https:\/\/shop.readunit.com\/"},{"@type":"ListItem","position":3,"name":"RU Metal Weld"}]},{"@type":"WebSite","@id":"https:\/\/shop.readunit.com\/da\/#website","url":"https:\/\/shop.readunit.com\/da\/","name":"Readunit","description":"IT Services and IT Consulting","publisher":{"@id":"https:\/\/shop.readunit.com\/da\/#organization"},"potentialAction":[{"@type":"SearchAction","target":{"@type":"EntryPoint","urlTemplate":"https:\/\/shop.readunit.com\/da\/?s={search_term_string}"},"query-input":{"@type":"PropertyValueSpecification","valueRequired":true,"valueName":"search_term_string"}}],"inLanguage":"da-DK"},{"@type":"Organization","@id":"https:\/\/shop.readunit.com\/da\/#organization","name":"Readunit","url":"https:\/\/shop.readunit.com\/da\/","logo":{"@type":"ImageObject","inLanguage":"da-DK","@id":"https:\/\/shop.readunit.com\/da\/#\/schema\/logo\/image\/","url":"https:\/\/staging.readunit.com\/wp-content\/uploads\/2025\/09\/logo_readunit_webshop_133px.svg","contentUrl":"https:\/\/staging.readunit.com\/wp-content\/uploads\/2025\/09\/logo_readunit_webshop_133px.svg","width":134,"height":19,"caption":"Readunit"},"image":{"@id":"https:\/\/shop.readunit.com\/da\/#\/schema\/logo\/image\/"}}]}},"_links":{"self":[{"href":"https:\/\/shop.readunit.com\/da\/wp-json\/wp\/v2\/product\/2465","targetHints":{"allow":["GET"]}}],"collection":[{"href":"https:\/\/shop.readunit.com\/da\/wp-json\/wp\/v2\/product"}],"about":[{"href":"https:\/\/shop.readunit.com\/da\/wp-json\/wp\/v2\/types\/product"}],"wp:featuredmedia":[{"embeddable":true,"href":"https:\/\/shop.readunit.com\/da\/wp-json\/wp\/v2\/media\/2466"}],"wp:attachment":[{"href":"https:\/\/shop.readunit.com\/da\/wp-json\/wp\/v2\/media?parent=2465"}],"wp:term":[{"taxonomy":"product_brand","embeddable":true,"href":"https:\/\/shop.readunit.com\/da\/wp-json\/wp\/v2\/product_brand?post=2465"},{"taxonomy":"product_cat","embeddable":true,"href":"https:\/\/shop.readunit.com\/da\/wp-json\/wp\/v2\/product_cat?post=2465"},{"taxonomy":"product_tag","embeddable":true,"href":"https:\/\/shop.readunit.com\/da\/wp-json\/wp\/v2\/product_tag?post=2465"}],"curies":[{"name":"wp","href":"https:\/\/api.w.org\/{rel}","templated":true}]}}