{"id":2467,"date":"2025-09-02T17:23:00","date_gmt":"2025-09-02T17:23:00","guid":{"rendered":"https:\/\/staging.readunit.com\/product\/ru-premium-kabelbinder-ntag213-50-stk\/"},"modified":"2025-10-07T06:43:11","modified_gmt":"2025-10-07T06:43:11","slug":"ru-premium-kabelbinder-ntag213-50-stk","status":"publish","type":"product","link":"https:\/\/shop.readunit.com\/da\/product\/ru-premium-kabelbinder-ntag213-50-stk\/","title":{"rendered":"RU Premium Cable Tie NTAG213 (50 pcs.)"},"content":{"rendered":"<p data-start=\"118\" data-end=\"381\">Hvis du har brug for en robust, kompakt og vandafvisende NFC-kabelbinder, er dette produkt et ideelt valg. Den er specielt udviklet til kabelstyring og tilbyder enest\u00e5ende holdbarhed og er velegnet til en bred vifte af applikationer, hvor p\u00e5lidelighed er afg\u00f8rende.<\/p>\n<p data-start=\"383\" data-end=\"789\">Udstyret med en \u00e6gte <strong data-start=\"407\" data-end=\"427\">NXP NTAG213 chip<\/strong> sikrer kabelbinderen ensartet ydeevne og p\u00e5lidelig drift. Den er <strong data-start=\"506\" data-end=\"524\">IP68-certificeret<\/strong> for fuldst\u00e6ndig vandt\u00e6thed og har en <strong data-start=\"567\" data-end=\"599\">UL94 V-2 br\u00e6ndbarhedsvurdering<\/strong>. Kabelbinderen er designet til at fungere i temperaturer fra <strong data-start=\"661\" data-end=\"679\">-20\u00b0C til +85\u00b0C<\/strong>. Derudover fungerer den som en <strong data-start=\"714\" data-end=\"730\">on-metal tag<\/strong>, hvilket g\u00f8r den velegnet til direkte brug p\u00e5 metalliske overflader.<\/p>\n<ul data-start=\"791\" data-end=\"968\">\n<li data-start=\"791\" data-end=\"842\">\n<p data-start=\"793\" data-end=\"842\"><strong data-start=\"793\" data-end=\"811\">Kabelbinderhoved<\/strong>: 8 mm diameter \u00d7 9 mm h\u00f8jde<\/p>\n<\/li>\n<li data-start=\"843\" data-end=\"946\">\n<p data-start=\"845\" data-end=\"946\"><strong data-start=\"845\" data-end=\"854\">Strop<\/strong>: 192 mm samlet l\u00e6ngde, med 150 mm lynl\u00e5somr\u00e5de (velegnet til genstande op til 45 mm i diameter)<\/p>\n<\/li>\n<li data-start=\"947\" data-end=\"968\">\n<p data-start=\"949\" data-end=\"968\"><strong data-start=\"949\" data-end=\"958\">Bredde<\/strong>: 4,5 mm<\/p>\n<\/li>\n<\/ul>\n<p data-start=\"970\" data-end=\"1208\"><strong data-start=\"970\" data-end=\"989\">Vigtig note:<\/strong><br data-start=\"989\" data-end=\"992\" \/>P\u00e5 grund af det kompakte design og den lille antenne tilbyder denne tag kun meget korte l\u00e6seafstande \u2013 typisk inden for f\u00e5 millimeter. Vi anbefaler kraftigt at teste produktet i din specifikke applikation f\u00f8r implementering.<\/p>\n","protected":false},"excerpt":{"rendered":"<p>Hvis du har brug for en robust, kompakt og vandafvisende NFC-kabelbinder, er dette produkt et ideelt valg.<\/p>\n<p>Den er specielt udviklet til kabelstyring og tilbyder enest\u00e5ende holdbarhed og er velegnet til en bred vifte af applikationer, hvor p\u00e5lidelighed er afg\u00f8rende.<\/p>\n","protected":false},"featured_media":2468,"template":"","meta":[],"product_brand":[],"product_cat":[100],"product_tag":[],"class_list":{"0":"post-2467","1":"product","2":"type-product","3":"status-publish","4":"has-post-thumbnail","6":"product_cat-nfc-chip","8":"first","9":"instock","10":"taxable","11":"shipping-taxable","12":"purchasable","13":"product-type-simple"},"yoast_head":"<!-- This site is optimized with the Yoast SEO plugin v26.0 - https:\/\/yoast.com\/wordpress\/plugins\/seo\/ -->\n<title>RU Premium Cable Tie NTAG213 (50 pcs.) - Readunit<\/title>\n<meta name=\"robots\" content=\"index, follow, max-snippet:-1, max-image-preview:large, max-video-preview:-1\" \/>\n<link rel=\"canonical\" href=\"https:\/\/shop.readunit.com\/da\/product\/ru-premium-kabelbinder-ntag213-50-stk\/\" \/>\n<meta property=\"og:locale\" content=\"da_DK\" \/>\n<meta property=\"og:type\" content=\"article\" \/>\n<meta property=\"og:title\" content=\"RU Premium Cable Tie NTAG213 (50 pcs.) - Readunit\" \/>\n<meta property=\"og:description\" content=\"Hvis du har brug for en robust, kompakt og vandafvisende NFC-kabelbinder, er dette produkt et ideelt valg.  Den er specielt udviklet til kabelstyring og tilbyder enest\u00e5ende holdbarhed og er velegnet til en bred vifte af applikationer, hvor p\u00e5lidelighed er afg\u00f8rende.\" \/>\n<meta property=\"og:url\" content=\"https:\/\/shop.readunit.com\/da\/product\/ru-premium-kabelbinder-ntag213-50-stk\/\" \/>\n<meta property=\"og:site_name\" content=\"Readunit\" \/>\n<meta property=\"article:modified_time\" content=\"2025-10-07T06:43:11+00:00\" \/>\n<meta property=\"og:image\" content=\"https:\/\/shop.readunit.com\/wp-content\/uploads\/2025\/09\/Product-images-1_0.jpg\" \/>\n\t<meta property=\"og:image:width\" content=\"1200\" \/>\n\t<meta property=\"og:image:height\" content=\"1200\" \/>\n\t<meta property=\"og:image:type\" content=\"image\/jpeg\" \/>\n<meta name=\"twitter:card\" content=\"summary_large_image\" \/>\n<meta name=\"twitter:label1\" content=\"Estimeret l\u00e6setid\" \/>\n\t<meta name=\"twitter:data1\" content=\"2 minutter\" \/>\n<script type=\"application\/ld+json\" class=\"yoast-schema-graph\">{\"@context\":\"https:\/\/schema.org\",\"@graph\":[{\"@type\":\"WebPage\",\"@id\":\"https:\/\/shop.readunit.com\/da\/product\/ru-premium-kabelbinder-ntag213-50-stk\/\",\"url\":\"https:\/\/shop.readunit.com\/da\/product\/ru-premium-kabelbinder-ntag213-50-stk\/\",\"name\":\"RU Premium Cable Tie NTAG213 (50 pcs.) - Readunit\",\"isPartOf\":{\"@id\":\"https:\/\/shop.readunit.com\/da\/#website\"},\"primaryImageOfPage\":{\"@id\":\"https:\/\/shop.readunit.com\/da\/product\/ru-premium-kabelbinder-ntag213-50-stk\/#primaryimage\"},\"image\":{\"@id\":\"https:\/\/shop.readunit.com\/da\/product\/ru-premium-kabelbinder-ntag213-50-stk\/#primaryimage\"},\"thumbnailUrl\":\"https:\/\/shop.readunit.com\/wp-content\/uploads\/2025\/09\/Product-images-1_0.jpg\",\"datePublished\":\"2025-09-02T17:23:00+00:00\",\"dateModified\":\"2025-10-07T06:43:11+00:00\",\"breadcrumb\":{\"@id\":\"https:\/\/shop.readunit.com\/da\/product\/ru-premium-kabelbinder-ntag213-50-stk\/#breadcrumb\"},\"inLanguage\":\"da-DK\",\"potentialAction\":[{\"@type\":\"ReadAction\",\"target\":[\"https:\/\/shop.readunit.com\/da\/product\/ru-premium-kabelbinder-ntag213-50-stk\/\"]}]},{\"@type\":\"ImageObject\",\"inLanguage\":\"da-DK\",\"@id\":\"https:\/\/shop.readunit.com\/da\/product\/ru-premium-kabelbinder-ntag213-50-stk\/#primaryimage\",\"url\":\"https:\/\/shop.readunit.com\/wp-content\/uploads\/2025\/09\/Product-images-1_0.jpg\",\"contentUrl\":\"https:\/\/shop.readunit.com\/wp-content\/uploads\/2025\/09\/Product-images-1_0.jpg\",\"width\":1200,\"height\":1200},{\"@type\":\"BreadcrumbList\",\"@id\":\"https:\/\/shop.readunit.com\/da\/product\/ru-premium-kabelbinder-ntag213-50-stk\/#breadcrumb\",\"itemListElement\":[{\"@type\":\"ListItem\",\"position\":1,\"name\":\"Home\",\"item\":\"https:\/\/shop.readunit.com\/da\/\"},{\"@type\":\"ListItem\",\"position\":2,\"name\":\"Shop\",\"item\":\"https:\/\/shop.readunit.com\/\"},{\"@type\":\"ListItem\",\"position\":3,\"name\":\"RU Premium Cable Tie NTAG213 (50 pcs.)\"}]},{\"@type\":\"WebSite\",\"@id\":\"https:\/\/shop.readunit.com\/da\/#website\",\"url\":\"https:\/\/shop.readunit.com\/da\/\",\"name\":\"Readunit\",\"description\":\"IT Services and IT Consulting\",\"publisher\":{\"@id\":\"https:\/\/shop.readunit.com\/da\/#organization\"},\"potentialAction\":[{\"@type\":\"SearchAction\",\"target\":{\"@type\":\"EntryPoint\",\"urlTemplate\":\"https:\/\/shop.readunit.com\/da\/?s={search_term_string}\"},\"query-input\":{\"@type\":\"PropertyValueSpecification\",\"valueRequired\":true,\"valueName\":\"search_term_string\"}}],\"inLanguage\":\"da-DK\"},{\"@type\":\"Organization\",\"@id\":\"https:\/\/shop.readunit.com\/da\/#organization\",\"name\":\"Readunit\",\"url\":\"https:\/\/shop.readunit.com\/da\/\",\"logo\":{\"@type\":\"ImageObject\",\"inLanguage\":\"da-DK\",\"@id\":\"https:\/\/shop.readunit.com\/da\/#\/schema\/logo\/image\/\",\"url\":\"https:\/\/staging.readunit.com\/wp-content\/uploads\/2025\/09\/logo_readunit_webshop_133px.svg\",\"contentUrl\":\"https:\/\/staging.readunit.com\/wp-content\/uploads\/2025\/09\/logo_readunit_webshop_133px.svg\",\"width\":134,\"height\":19,\"caption\":\"Readunit\"},\"image\":{\"@id\":\"https:\/\/shop.readunit.com\/da\/#\/schema\/logo\/image\/\"}}]}<\/script>\n<!-- \/ Yoast SEO plugin. -->","yoast_head_json":{"title":"RU Premium Cable Tie NTAG213 (50 pcs.) - Readunit","robots":{"index":"index","follow":"follow","max-snippet":"max-snippet:-1","max-image-preview":"max-image-preview:large","max-video-preview":"max-video-preview:-1"},"canonical":"https:\/\/shop.readunit.com\/da\/product\/ru-premium-kabelbinder-ntag213-50-stk\/","og_locale":"da_DK","og_type":"article","og_title":"RU Premium Cable Tie NTAG213 (50 pcs.) - Readunit","og_description":"Hvis du har brug for en robust, kompakt og vandafvisende NFC-kabelbinder, er dette produkt et ideelt valg.  Den er specielt udviklet til kabelstyring og tilbyder enest\u00e5ende holdbarhed og er velegnet til en bred vifte af applikationer, hvor p\u00e5lidelighed er afg\u00f8rende.","og_url":"https:\/\/shop.readunit.com\/da\/product\/ru-premium-kabelbinder-ntag213-50-stk\/","og_site_name":"Readunit","article_modified_time":"2025-10-07T06:43:11+00:00","og_image":[{"width":1200,"height":1200,"url":"https:\/\/shop.readunit.com\/wp-content\/uploads\/2025\/09\/Product-images-1_0.jpg","type":"image\/jpeg"}],"twitter_card":"summary_large_image","twitter_misc":{"Estimeret l\u00e6setid":"2 minutter"},"schema":{"@context":"https:\/\/schema.org","@graph":[{"@type":"WebPage","@id":"https:\/\/shop.readunit.com\/da\/product\/ru-premium-kabelbinder-ntag213-50-stk\/","url":"https:\/\/shop.readunit.com\/da\/product\/ru-premium-kabelbinder-ntag213-50-stk\/","name":"RU Premium Cable Tie NTAG213 (50 pcs.) - Readunit","isPartOf":{"@id":"https:\/\/shop.readunit.com\/da\/#website"},"primaryImageOfPage":{"@id":"https:\/\/shop.readunit.com\/da\/product\/ru-premium-kabelbinder-ntag213-50-stk\/#primaryimage"},"image":{"@id":"https:\/\/shop.readunit.com\/da\/product\/ru-premium-kabelbinder-ntag213-50-stk\/#primaryimage"},"thumbnailUrl":"https:\/\/shop.readunit.com\/wp-content\/uploads\/2025\/09\/Product-images-1_0.jpg","datePublished":"2025-09-02T17:23:00+00:00","dateModified":"2025-10-07T06:43:11+00:00","breadcrumb":{"@id":"https:\/\/shop.readunit.com\/da\/product\/ru-premium-kabelbinder-ntag213-50-stk\/#breadcrumb"},"inLanguage":"da-DK","potentialAction":[{"@type":"ReadAction","target":["https:\/\/shop.readunit.com\/da\/product\/ru-premium-kabelbinder-ntag213-50-stk\/"]}]},{"@type":"ImageObject","inLanguage":"da-DK","@id":"https:\/\/shop.readunit.com\/da\/product\/ru-premium-kabelbinder-ntag213-50-stk\/#primaryimage","url":"https:\/\/shop.readunit.com\/wp-content\/uploads\/2025\/09\/Product-images-1_0.jpg","contentUrl":"https:\/\/shop.readunit.com\/wp-content\/uploads\/2025\/09\/Product-images-1_0.jpg","width":1200,"height":1200},{"@type":"BreadcrumbList","@id":"https:\/\/shop.readunit.com\/da\/product\/ru-premium-kabelbinder-ntag213-50-stk\/#breadcrumb","itemListElement":[{"@type":"ListItem","position":1,"name":"Home","item":"https:\/\/shop.readunit.com\/da\/"},{"@type":"ListItem","position":2,"name":"Shop","item":"https:\/\/shop.readunit.com\/"},{"@type":"ListItem","position":3,"name":"RU Premium Cable Tie NTAG213 (50 pcs.)"}]},{"@type":"WebSite","@id":"https:\/\/shop.readunit.com\/da\/#website","url":"https:\/\/shop.readunit.com\/da\/","name":"Readunit","description":"IT Services and IT Consulting","publisher":{"@id":"https:\/\/shop.readunit.com\/da\/#organization"},"potentialAction":[{"@type":"SearchAction","target":{"@type":"EntryPoint","urlTemplate":"https:\/\/shop.readunit.com\/da\/?s={search_term_string}"},"query-input":{"@type":"PropertyValueSpecification","valueRequired":true,"valueName":"search_term_string"}}],"inLanguage":"da-DK"},{"@type":"Organization","@id":"https:\/\/shop.readunit.com\/da\/#organization","name":"Readunit","url":"https:\/\/shop.readunit.com\/da\/","logo":{"@type":"ImageObject","inLanguage":"da-DK","@id":"https:\/\/shop.readunit.com\/da\/#\/schema\/logo\/image\/","url":"https:\/\/staging.readunit.com\/wp-content\/uploads\/2025\/09\/logo_readunit_webshop_133px.svg","contentUrl":"https:\/\/staging.readunit.com\/wp-content\/uploads\/2025\/09\/logo_readunit_webshop_133px.svg","width":134,"height":19,"caption":"Readunit"},"image":{"@id":"https:\/\/shop.readunit.com\/da\/#\/schema\/logo\/image\/"}}]}},"_links":{"self":[{"href":"https:\/\/shop.readunit.com\/da\/wp-json\/wp\/v2\/product\/2467","targetHints":{"allow":["GET"]}}],"collection":[{"href":"https:\/\/shop.readunit.com\/da\/wp-json\/wp\/v2\/product"}],"about":[{"href":"https:\/\/shop.readunit.com\/da\/wp-json\/wp\/v2\/types\/product"}],"wp:featuredmedia":[{"embeddable":true,"href":"https:\/\/shop.readunit.com\/da\/wp-json\/wp\/v2\/media\/2468"}],"wp:attachment":[{"href":"https:\/\/shop.readunit.com\/da\/wp-json\/wp\/v2\/media?parent=2467"}],"wp:term":[{"taxonomy":"product_brand","embeddable":true,"href":"https:\/\/shop.readunit.com\/da\/wp-json\/wp\/v2\/product_brand?post=2467"},{"taxonomy":"product_cat","embeddable":true,"href":"https:\/\/shop.readunit.com\/da\/wp-json\/wp\/v2\/product_cat?post=2467"},{"taxonomy":"product_tag","embeddable":true,"href":"https:\/\/shop.readunit.com\/da\/wp-json\/wp\/v2\/product_tag?post=2467"}],"curies":[{"name":"wp","href":"https:\/\/api.w.org\/{rel}","templated":true}]}}