{"id":2472,"date":"2025-09-02T06:49:01","date_gmt":"2025-09-02T06:49:01","guid":{"rendered":"https:\/\/staging.readunit.com\/product\/ru-hurtiglim\/"},"modified":"2026-02-04T08:23:38","modified_gmt":"2026-02-04T08:23:38","slug":"ru-hurtiglim","status":"publish","type":"product","link":"https:\/\/shop.readunit.com\/da\/product\/ru-hurtiglim\/","title":{"rendered":"RU Quick Bond Glue"},"content":{"rendered":"<p>Quick Bond og Quick Bond Activator er unikke produkter specifikt designet til hurtige reparationer og limning af metaller og n\u00e6sten alle typer moderne plastik. Quick Bond er en s\u00e6rlig gellim, der bliver pr\u00e6cis hvor den p\u00e5f\u00f8res. Dette betyder, at produktet ikke drypper ned p\u00e5 underliggende komponenter, hvilket forhindrer skader og undg\u00e5r risikoen for at lime fingrene sammen. Den langsomme t\u00f8rretid sikrer, at dele kan justeres perfekt, f\u00f8r den \u00f8nskede binding opn\u00e5s. N\u00e5r tiden er inde til at skabe bindingen, p\u00e5f\u00f8res Quick Bond Activator for at udl\u00f8se en \u00f8jeblikkelig reaktion.<\/p>\n<p>Quick Bond h\u00e6fter exceptionelt godt p\u00e5 plastik, malede overflader og metaldele. N\u00e5r Quick Bond Activator er p\u00e5spr\u00f8jtet, h\u00e6rder limen inden for f\u00e5 sekunder, hvilket g\u00f8r det muligt at bearbejde eller belaste den reparerede del med det samme.<\/p>\n<p>Plastikst\u00f8tter, clips, klemmer, bolte og lignende komponenter g\u00e5r ofte i stykker. Quick Bond er den ideelle l\u00f8sning til reparation af disse typer skader. For samlinger udsat for tung belastning kan bindingen forst\u00e6rkes med Repaplast Repair, hvor Quick Bond fungerer som det indledende fikseringsmiddel.<\/p>\n<p>Takket v\u00e6re dens gennemsigtighed efterlader Quick Bond samlingerne praktisk talt usynlige, hvilket g\u00f8r den ideel til limning af baglygter, forlygter, blinklys, signallys, sk\u00e6rme og mere. Til elektroniske reparationer kan Quick Bond bruges til at fastg\u00f8re ledninger p\u00e5 en enkel men effektiv m\u00e5de. Som del af Repaplast Scratch Repair System er den ogs\u00e5 velegnet til at fylde ridser i tekstureret plastik f\u00f8r finish med Repaplast Structure Coat NF og Repaplast Color Finish Better Care.<\/p>\n<p>Produktet kommer i en praktisk 10g tube, hvilket g\u00f8r Quick Bond nem at bruge og h\u00e5ndtere. Med dens unikke dyseh\u00e6tte (Quick Bond Nozzle) kan tuben \u00e5bnes gentagne gange uden problemer, hvilket sikrer lang holdbarhed og konsistent ydeevne.<\/p>\n","protected":false},"excerpt":{"rendered":"<p>Quick Bond og Quick Bond Activator er unikke produkter specifikt designet til hurtige reparationer og limning af metaller og n\u00e6sten alle typer moderne plastik. Quick Bond er en s\u00e6rlig gellim, der bliver pr\u00e6cis hvor den p\u00e5f\u00f8res.<\/p>\n","protected":false},"featured_media":2473,"template":"","meta":[],"product_brand":[],"product_cat":[99],"product_tag":[],"class_list":{"0":"post-2472","1":"product","2":"type-product","3":"status-publish","4":"has-post-thumbnail","6":"product_cat-lim-og-tilbehoer","8":"first","9":"instock","10":"taxable","11":"shipping-taxable","12":"purchasable","13":"product-type-simple"},"yoast_head":"<!-- This site is optimized with the Yoast SEO plugin v26.0 - https:\/\/yoast.com\/wordpress\/plugins\/seo\/ -->\n<title>RU Quick Bond Glue - Readunit<\/title>\n<meta name=\"robots\" content=\"index, follow, max-snippet:-1, max-image-preview:large, max-video-preview:-1\" \/>\n<link rel=\"canonical\" href=\"https:\/\/shop.readunit.com\/da\/product\/ru-hurtiglim\/\" \/>\n<meta property=\"og:locale\" content=\"da_DK\" \/>\n<meta property=\"og:type\" content=\"article\" \/>\n<meta property=\"og:title\" content=\"RU Quick Bond Glue - Readunit\" \/>\n<meta property=\"og:description\" content=\"Quick Bond og Quick Bond Activator er unikke produkter specifikt designet til hurtige reparationer og limning af metaller og n\u00e6sten alle typer moderne plastik. Quick Bond er en s\u00e6rlig gellim, der bliver pr\u00e6cis hvor den p\u00e5f\u00f8res.\" \/>\n<meta property=\"og:url\" content=\"https:\/\/shop.readunit.com\/da\/product\/ru-hurtiglim\/\" \/>\n<meta property=\"og:site_name\" content=\"Readunit\" \/>\n<meta property=\"article:modified_time\" content=\"2026-02-04T08:23:38+00:00\" \/>\n<meta property=\"og:image\" content=\"https:\/\/shop.readunit.com\/wp-content\/uploads\/2025\/09\/Product-images-4_0.jpg\" \/>\n\t<meta property=\"og:image:width\" content=\"1200\" \/>\n\t<meta property=\"og:image:height\" content=\"1200\" \/>\n\t<meta property=\"og:image:type\" content=\"image\/jpeg\" \/>\n<meta name=\"twitter:card\" content=\"summary_large_image\" \/>\n<meta name=\"twitter:label1\" content=\"Estimeret l\u00e6setid\" \/>\n\t<meta name=\"twitter:data1\" content=\"2 minutter\" \/>\n<script type=\"application\/ld+json\" class=\"yoast-schema-graph\">{\"@context\":\"https:\/\/schema.org\",\"@graph\":[{\"@type\":\"WebPage\",\"@id\":\"https:\/\/shop.readunit.com\/da\/product\/ru-hurtiglim\/\",\"url\":\"https:\/\/shop.readunit.com\/da\/product\/ru-hurtiglim\/\",\"name\":\"RU Quick Bond Glue - Readunit\",\"isPartOf\":{\"@id\":\"https:\/\/shop.readunit.com\/da\/#website\"},\"primaryImageOfPage\":{\"@id\":\"https:\/\/shop.readunit.com\/da\/product\/ru-hurtiglim\/#primaryimage\"},\"image\":{\"@id\":\"https:\/\/shop.readunit.com\/da\/product\/ru-hurtiglim\/#primaryimage\"},\"thumbnailUrl\":\"https:\/\/shop.readunit.com\/wp-content\/uploads\/2025\/09\/Product-images-4_0.jpg\",\"datePublished\":\"2025-09-02T06:49:01+00:00\",\"dateModified\":\"2026-02-04T08:23:38+00:00\",\"breadcrumb\":{\"@id\":\"https:\/\/shop.readunit.com\/da\/product\/ru-hurtiglim\/#breadcrumb\"},\"inLanguage\":\"da-DK\",\"potentialAction\":[{\"@type\":\"ReadAction\",\"target\":[\"https:\/\/shop.readunit.com\/da\/product\/ru-hurtiglim\/\"]}]},{\"@type\":\"ImageObject\",\"inLanguage\":\"da-DK\",\"@id\":\"https:\/\/shop.readunit.com\/da\/product\/ru-hurtiglim\/#primaryimage\",\"url\":\"https:\/\/shop.readunit.com\/wp-content\/uploads\/2025\/09\/Product-images-4_0.jpg\",\"contentUrl\":\"https:\/\/shop.readunit.com\/wp-content\/uploads\/2025\/09\/Product-images-4_0.jpg\",\"width\":1200,\"height\":1200},{\"@type\":\"BreadcrumbList\",\"@id\":\"https:\/\/shop.readunit.com\/da\/product\/ru-hurtiglim\/#breadcrumb\",\"itemListElement\":[{\"@type\":\"ListItem\",\"position\":1,\"name\":\"Home\",\"item\":\"https:\/\/shop.readunit.com\/da\/\"},{\"@type\":\"ListItem\",\"position\":2,\"name\":\"Shop\",\"item\":\"https:\/\/shop.readunit.com\/\"},{\"@type\":\"ListItem\",\"position\":3,\"name\":\"RU Quick Bond Glue\"}]},{\"@type\":\"WebSite\",\"@id\":\"https:\/\/shop.readunit.com\/da\/#website\",\"url\":\"https:\/\/shop.readunit.com\/da\/\",\"name\":\"Readunit\",\"description\":\"IT Services and IT Consulting\",\"publisher\":{\"@id\":\"https:\/\/shop.readunit.com\/da\/#organization\"},\"potentialAction\":[{\"@type\":\"SearchAction\",\"target\":{\"@type\":\"EntryPoint\",\"urlTemplate\":\"https:\/\/shop.readunit.com\/da\/?s={search_term_string}\"},\"query-input\":{\"@type\":\"PropertyValueSpecification\",\"valueRequired\":true,\"valueName\":\"search_term_string\"}}],\"inLanguage\":\"da-DK\"},{\"@type\":\"Organization\",\"@id\":\"https:\/\/shop.readunit.com\/da\/#organization\",\"name\":\"Readunit\",\"url\":\"https:\/\/shop.readunit.com\/da\/\",\"logo\":{\"@type\":\"ImageObject\",\"inLanguage\":\"da-DK\",\"@id\":\"https:\/\/shop.readunit.com\/da\/#\/schema\/logo\/image\/\",\"url\":\"https:\/\/staging.readunit.com\/wp-content\/uploads\/2025\/09\/logo_readunit_webshop_133px.svg\",\"contentUrl\":\"https:\/\/staging.readunit.com\/wp-content\/uploads\/2025\/09\/logo_readunit_webshop_133px.svg\",\"width\":134,\"height\":19,\"caption\":\"Readunit\"},\"image\":{\"@id\":\"https:\/\/shop.readunit.com\/da\/#\/schema\/logo\/image\/\"}}]}<\/script>\n<!-- \/ Yoast SEO plugin. -->","yoast_head_json":{"title":"RU Quick Bond Glue - Readunit","robots":{"index":"index","follow":"follow","max-snippet":"max-snippet:-1","max-image-preview":"max-image-preview:large","max-video-preview":"max-video-preview:-1"},"canonical":"https:\/\/shop.readunit.com\/da\/product\/ru-hurtiglim\/","og_locale":"da_DK","og_type":"article","og_title":"RU Quick Bond Glue - Readunit","og_description":"Quick Bond og Quick Bond Activator er unikke produkter specifikt designet til hurtige reparationer og limning af metaller og n\u00e6sten alle typer moderne plastik. Quick Bond er en s\u00e6rlig gellim, der bliver pr\u00e6cis hvor den p\u00e5f\u00f8res.","og_url":"https:\/\/shop.readunit.com\/da\/product\/ru-hurtiglim\/","og_site_name":"Readunit","article_modified_time":"2026-02-04T08:23:38+00:00","og_image":[{"width":1200,"height":1200,"url":"https:\/\/shop.readunit.com\/wp-content\/uploads\/2025\/09\/Product-images-4_0.jpg","type":"image\/jpeg"}],"twitter_card":"summary_large_image","twitter_misc":{"Estimeret l\u00e6setid":"2 minutter"},"schema":{"@context":"https:\/\/schema.org","@graph":[{"@type":"WebPage","@id":"https:\/\/shop.readunit.com\/da\/product\/ru-hurtiglim\/","url":"https:\/\/shop.readunit.com\/da\/product\/ru-hurtiglim\/","name":"RU Quick Bond Glue - Readunit","isPartOf":{"@id":"https:\/\/shop.readunit.com\/da\/#website"},"primaryImageOfPage":{"@id":"https:\/\/shop.readunit.com\/da\/product\/ru-hurtiglim\/#primaryimage"},"image":{"@id":"https:\/\/shop.readunit.com\/da\/product\/ru-hurtiglim\/#primaryimage"},"thumbnailUrl":"https:\/\/shop.readunit.com\/wp-content\/uploads\/2025\/09\/Product-images-4_0.jpg","datePublished":"2025-09-02T06:49:01+00:00","dateModified":"2026-02-04T08:23:38+00:00","breadcrumb":{"@id":"https:\/\/shop.readunit.com\/da\/product\/ru-hurtiglim\/#breadcrumb"},"inLanguage":"da-DK","potentialAction":[{"@type":"ReadAction","target":["https:\/\/shop.readunit.com\/da\/product\/ru-hurtiglim\/"]}]},{"@type":"ImageObject","inLanguage":"da-DK","@id":"https:\/\/shop.readunit.com\/da\/product\/ru-hurtiglim\/#primaryimage","url":"https:\/\/shop.readunit.com\/wp-content\/uploads\/2025\/09\/Product-images-4_0.jpg","contentUrl":"https:\/\/shop.readunit.com\/wp-content\/uploads\/2025\/09\/Product-images-4_0.jpg","width":1200,"height":1200},{"@type":"BreadcrumbList","@id":"https:\/\/shop.readunit.com\/da\/product\/ru-hurtiglim\/#breadcrumb","itemListElement":[{"@type":"ListItem","position":1,"name":"Home","item":"https:\/\/shop.readunit.com\/da\/"},{"@type":"ListItem","position":2,"name":"Shop","item":"https:\/\/shop.readunit.com\/"},{"@type":"ListItem","position":3,"name":"RU Quick Bond Glue"}]},{"@type":"WebSite","@id":"https:\/\/shop.readunit.com\/da\/#website","url":"https:\/\/shop.readunit.com\/da\/","name":"Readunit","description":"IT Services and IT Consulting","publisher":{"@id":"https:\/\/shop.readunit.com\/da\/#organization"},"potentialAction":[{"@type":"SearchAction","target":{"@type":"EntryPoint","urlTemplate":"https:\/\/shop.readunit.com\/da\/?s={search_term_string}"},"query-input":{"@type":"PropertyValueSpecification","valueRequired":true,"valueName":"search_term_string"}}],"inLanguage":"da-DK"},{"@type":"Organization","@id":"https:\/\/shop.readunit.com\/da\/#organization","name":"Readunit","url":"https:\/\/shop.readunit.com\/da\/","logo":{"@type":"ImageObject","inLanguage":"da-DK","@id":"https:\/\/shop.readunit.com\/da\/#\/schema\/logo\/image\/","url":"https:\/\/staging.readunit.com\/wp-content\/uploads\/2025\/09\/logo_readunit_webshop_133px.svg","contentUrl":"https:\/\/staging.readunit.com\/wp-content\/uploads\/2025\/09\/logo_readunit_webshop_133px.svg","width":134,"height":19,"caption":"Readunit"},"image":{"@id":"https:\/\/shop.readunit.com\/da\/#\/schema\/logo\/image\/"}}]}},"_links":{"self":[{"href":"https:\/\/shop.readunit.com\/da\/wp-json\/wp\/v2\/product\/2472","targetHints":{"allow":["GET"]}}],"collection":[{"href":"https:\/\/shop.readunit.com\/da\/wp-json\/wp\/v2\/product"}],"about":[{"href":"https:\/\/shop.readunit.com\/da\/wp-json\/wp\/v2\/types\/product"}],"wp:featuredmedia":[{"embeddable":true,"href":"https:\/\/shop.readunit.com\/da\/wp-json\/wp\/v2\/media\/2473"}],"wp:attachment":[{"href":"https:\/\/shop.readunit.com\/da\/wp-json\/wp\/v2\/media?parent=2472"}],"wp:term":[{"taxonomy":"product_brand","embeddable":true,"href":"https:\/\/shop.readunit.com\/da\/wp-json\/wp\/v2\/product_brand?post=2472"},{"taxonomy":"product_cat","embeddable":true,"href":"https:\/\/shop.readunit.com\/da\/wp-json\/wp\/v2\/product_cat?post=2472"},{"taxonomy":"product_tag","embeddable":true,"href":"https:\/\/shop.readunit.com\/da\/wp-json\/wp\/v2\/product_tag?post=2472"}],"curies":[{"name":"wp","href":"https:\/\/api.w.org\/{rel}","templated":true}]}}