{"id":2474,"date":"2025-09-02T07:59:33","date_gmt":"2025-09-02T07:59:33","guid":{"rendered":"https:\/\/staging.readunit.com\/product\/ru-quick-bond-aktivator\/"},"modified":"2026-02-04T08:22:51","modified_gmt":"2026-02-04T08:22:51","slug":"ru-quick-bond-aktivator","status":"publish","type":"product","link":"https:\/\/shop.readunit.com\/da\/product\/ru-quick-bond-aktivator\/","title":{"rendered":"RU Quick Bond Activator"},"content":{"rendered":"<h3 data-start=\"162\" data-end=\"201\">Quick Bond Quick Bond aktivator<\/h3>\n<p data-start=\"203\" data-end=\"747\">Quick Bond og Quick Bond Aktivator er unikke produkter, der er specifikt udviklet til hurtige reparationer og sammenf\u00f8jning af metaller og n\u00e6sten alle typer moderne plastik. Quick Bond er en s\u00e6rlig gellim, der bliver pr\u00e6cis hvor den p\u00e5f\u00f8res. Dette forhindrer dryp p\u00e5 underliggende dele, undg\u00e5r utilsigtet skade og eliminerer risikoen for at lime fingre sammen. Den langsomme t\u00f8rretid giver mulighed for pr\u00e6cis justering af dele, f\u00f8r den endelige binding skabes. N\u00e5r binding \u00f8nskes, p\u00e5f\u00f8res Quick Bond Aktivator for at udl\u00f8se en \u00f8jeblikkelig reaktion.<\/p>\n<p data-start=\"749\" data-end=\"988\">Quick Bond h\u00e6fter exceptionelt godt p\u00e5 plastik, malede overflader og metalkomponenter. N\u00e5r Quick Bond Aktivator sprayes p\u00e5, sker h\u00e6rdningen inden for f\u00e5 sekunder, og den reparerede del kan bearbejdes eller uds\u00e6ttes for belastning med det samme.<\/p>\n<p data-start=\"990\" data-end=\"1280\">Plastst\u00f8tter, clips, klemmer, bolte og lignende dele g\u00e5r ofte i stykker. Quick Bond giver den ideelle l\u00f8sning til reparation af disse typer skader. For kontaktpunkter udsat for tung belastning kan samlingen forst\u00e6rkes med Repaplast Repair, hvor Quick Bond bruges som det indledende fikseringsmiddel.<\/p>\n<p data-start=\"1282\" data-end=\"1739\">Takket v\u00e6re dens gennemsigtighed efterlader Quick Bond samlinger usynlige, hvilket g\u00f8r den ideel til sammenf\u00f8jning af baglygter, forlygter, blinklys, signallys, sk\u00e6rme og mere. Til elektroniske anvendelser kan Quick Bond bruges til hurtig og effektiv sikring af ledninger. Som del af Repaplast Scratch Repair System er den ogs\u00e5 velegnet til udfyldning af ridser i tekstureret plastik f\u00f8r finish med Repaplast Structure Coat NF og Repaplast Color Finish Better Care.<\/p>\n<p data-start=\"1741\" data-end=\"1985\">Produktet leveres i en praktisk 10g tube, hvilket g\u00f8r Quick Bond nem at bruge og h\u00e5ndtere. Med dens unikke dyseh\u00e6tte (Quick Bond Nozzle) kan tuben \u00e5bnes gentagne gange uden problemer, hvilket sikrer lang holdbarhed og ensartet ydeevne.<\/p>\n","protected":false},"excerpt":{"rendered":"<p>Quick Bond og Quick Bond Aktivator er unikke produkter, der er specifikt designet til hurtige reparationer og sammenf\u00f8jning af metaller og n\u00e6sten alle typer moderne plastik. Quick Bond er en s\u00e6rlig gellim, der bliver pr\u00e6cis hvor den p\u00e5f\u00f8res.<\/p>\n","protected":false},"featured_media":2463,"template":"","meta":[],"product_brand":[],"product_cat":[99],"product_tag":[],"class_list":{"0":"post-2474","1":"product","2":"type-product","3":"status-publish","4":"has-post-thumbnail","6":"product_cat-lim-og-tilbehoer","8":"first","9":"instock","10":"taxable","11":"shipping-taxable","12":"purchasable","13":"product-type-simple"},"yoast_head":"<!-- This site is optimized with the Yoast SEO plugin v26.0 - https:\/\/yoast.com\/wordpress\/plugins\/seo\/ -->\n<title>RU Quick Bond Activator - Readunit<\/title>\n<meta name=\"robots\" content=\"index, follow, max-snippet:-1, max-image-preview:large, max-video-preview:-1\" \/>\n<link rel=\"canonical\" href=\"https:\/\/shop.readunit.com\/da\/product\/ru-quick-bond-aktivator\/\" \/>\n<meta property=\"og:locale\" content=\"da_DK\" \/>\n<meta property=\"og:type\" content=\"article\" \/>\n<meta property=\"og:title\" content=\"RU Quick Bond Activator - Readunit\" \/>\n<meta property=\"og:description\" content=\"Quick Bond og Quick Bond Aktivator er unikke produkter, der er specifikt designet til hurtige reparationer og sammenf\u00f8jning af metaller og n\u00e6sten alle typer moderne plastik. Quick Bond er en s\u00e6rlig gellim, der bliver pr\u00e6cis hvor den p\u00e5f\u00f8res.\" \/>\n<meta property=\"og:url\" content=\"https:\/\/shop.readunit.com\/da\/product\/ru-quick-bond-aktivator\/\" \/>\n<meta property=\"og:site_name\" content=\"Readunit\" \/>\n<meta property=\"article:modified_time\" content=\"2026-02-04T08:22:51+00:00\" \/>\n<meta property=\"og:image\" content=\"https:\/\/shop.readunit.com\/wp-content\/uploads\/2025\/09\/Product-images-3_3A.jpg\" \/>\n\t<meta property=\"og:image:width\" content=\"1200\" \/>\n\t<meta property=\"og:image:height\" content=\"1200\" \/>\n\t<meta property=\"og:image:type\" content=\"image\/jpeg\" \/>\n<meta name=\"twitter:card\" content=\"summary_large_image\" \/>\n<meta name=\"twitter:label1\" content=\"Estimeret l\u00e6setid\" \/>\n\t<meta name=\"twitter:data1\" content=\"2 minutter\" \/>\n<script type=\"application\/ld+json\" class=\"yoast-schema-graph\">{\"@context\":\"https:\/\/schema.org\",\"@graph\":[{\"@type\":\"WebPage\",\"@id\":\"https:\/\/shop.readunit.com\/da\/product\/ru-quick-bond-aktivator\/\",\"url\":\"https:\/\/shop.readunit.com\/da\/product\/ru-quick-bond-aktivator\/\",\"name\":\"RU Quick Bond Activator - Readunit\",\"isPartOf\":{\"@id\":\"https:\/\/shop.readunit.com\/da\/#website\"},\"primaryImageOfPage\":{\"@id\":\"https:\/\/shop.readunit.com\/da\/product\/ru-quick-bond-aktivator\/#primaryimage\"},\"image\":{\"@id\":\"https:\/\/shop.readunit.com\/da\/product\/ru-quick-bond-aktivator\/#primaryimage\"},\"thumbnailUrl\":\"https:\/\/shop.readunit.com\/wp-content\/uploads\/2025\/09\/Product-images-3_3A.jpg\",\"datePublished\":\"2025-09-02T07:59:33+00:00\",\"dateModified\":\"2026-02-04T08:22:51+00:00\",\"breadcrumb\":{\"@id\":\"https:\/\/shop.readunit.com\/da\/product\/ru-quick-bond-aktivator\/#breadcrumb\"},\"inLanguage\":\"da-DK\",\"potentialAction\":[{\"@type\":\"ReadAction\",\"target\":[\"https:\/\/shop.readunit.com\/da\/product\/ru-quick-bond-aktivator\/\"]}]},{\"@type\":\"ImageObject\",\"inLanguage\":\"da-DK\",\"@id\":\"https:\/\/shop.readunit.com\/da\/product\/ru-quick-bond-aktivator\/#primaryimage\",\"url\":\"https:\/\/shop.readunit.com\/wp-content\/uploads\/2025\/09\/Product-images-3_3A.jpg\",\"contentUrl\":\"https:\/\/shop.readunit.com\/wp-content\/uploads\/2025\/09\/Product-images-3_3A.jpg\",\"width\":1200,\"height\":1200},{\"@type\":\"BreadcrumbList\",\"@id\":\"https:\/\/shop.readunit.com\/da\/product\/ru-quick-bond-aktivator\/#breadcrumb\",\"itemListElement\":[{\"@type\":\"ListItem\",\"position\":1,\"name\":\"Home\",\"item\":\"https:\/\/shop.readunit.com\/da\/\"},{\"@type\":\"ListItem\",\"position\":2,\"name\":\"Shop\",\"item\":\"https:\/\/shop.readunit.com\/\"},{\"@type\":\"ListItem\",\"position\":3,\"name\":\"RU Quick Bond Activator\"}]},{\"@type\":\"WebSite\",\"@id\":\"https:\/\/shop.readunit.com\/da\/#website\",\"url\":\"https:\/\/shop.readunit.com\/da\/\",\"name\":\"Readunit\",\"description\":\"IT Services and IT Consulting\",\"publisher\":{\"@id\":\"https:\/\/shop.readunit.com\/da\/#organization\"},\"potentialAction\":[{\"@type\":\"SearchAction\",\"target\":{\"@type\":\"EntryPoint\",\"urlTemplate\":\"https:\/\/shop.readunit.com\/da\/?s={search_term_string}\"},\"query-input\":{\"@type\":\"PropertyValueSpecification\",\"valueRequired\":true,\"valueName\":\"search_term_string\"}}],\"inLanguage\":\"da-DK\"},{\"@type\":\"Organization\",\"@id\":\"https:\/\/shop.readunit.com\/da\/#organization\",\"name\":\"Readunit\",\"url\":\"https:\/\/shop.readunit.com\/da\/\",\"logo\":{\"@type\":\"ImageObject\",\"inLanguage\":\"da-DK\",\"@id\":\"https:\/\/shop.readunit.com\/da\/#\/schema\/logo\/image\/\",\"url\":\"https:\/\/staging.readunit.com\/wp-content\/uploads\/2025\/09\/logo_readunit_webshop_133px.svg\",\"contentUrl\":\"https:\/\/staging.readunit.com\/wp-content\/uploads\/2025\/09\/logo_readunit_webshop_133px.svg\",\"width\":134,\"height\":19,\"caption\":\"Readunit\"},\"image\":{\"@id\":\"https:\/\/shop.readunit.com\/da\/#\/schema\/logo\/image\/\"}}]}<\/script>\n<!-- \/ Yoast SEO plugin. -->","yoast_head_json":{"title":"RU Quick Bond Activator - Readunit","robots":{"index":"index","follow":"follow","max-snippet":"max-snippet:-1","max-image-preview":"max-image-preview:large","max-video-preview":"max-video-preview:-1"},"canonical":"https:\/\/shop.readunit.com\/da\/product\/ru-quick-bond-aktivator\/","og_locale":"da_DK","og_type":"article","og_title":"RU Quick Bond Activator - Readunit","og_description":"Quick Bond og Quick Bond Aktivator er unikke produkter, der er specifikt designet til hurtige reparationer og sammenf\u00f8jning af metaller og n\u00e6sten alle typer moderne plastik. Quick Bond er en s\u00e6rlig gellim, der bliver pr\u00e6cis hvor den p\u00e5f\u00f8res.","og_url":"https:\/\/shop.readunit.com\/da\/product\/ru-quick-bond-aktivator\/","og_site_name":"Readunit","article_modified_time":"2026-02-04T08:22:51+00:00","og_image":[{"width":1200,"height":1200,"url":"https:\/\/shop.readunit.com\/wp-content\/uploads\/2025\/09\/Product-images-3_3A.jpg","type":"image\/jpeg"}],"twitter_card":"summary_large_image","twitter_misc":{"Estimeret l\u00e6setid":"2 minutter"},"schema":{"@context":"https:\/\/schema.org","@graph":[{"@type":"WebPage","@id":"https:\/\/shop.readunit.com\/da\/product\/ru-quick-bond-aktivator\/","url":"https:\/\/shop.readunit.com\/da\/product\/ru-quick-bond-aktivator\/","name":"RU Quick Bond Activator - Readunit","isPartOf":{"@id":"https:\/\/shop.readunit.com\/da\/#website"},"primaryImageOfPage":{"@id":"https:\/\/shop.readunit.com\/da\/product\/ru-quick-bond-aktivator\/#primaryimage"},"image":{"@id":"https:\/\/shop.readunit.com\/da\/product\/ru-quick-bond-aktivator\/#primaryimage"},"thumbnailUrl":"https:\/\/shop.readunit.com\/wp-content\/uploads\/2025\/09\/Product-images-3_3A.jpg","datePublished":"2025-09-02T07:59:33+00:00","dateModified":"2026-02-04T08:22:51+00:00","breadcrumb":{"@id":"https:\/\/shop.readunit.com\/da\/product\/ru-quick-bond-aktivator\/#breadcrumb"},"inLanguage":"da-DK","potentialAction":[{"@type":"ReadAction","target":["https:\/\/shop.readunit.com\/da\/product\/ru-quick-bond-aktivator\/"]}]},{"@type":"ImageObject","inLanguage":"da-DK","@id":"https:\/\/shop.readunit.com\/da\/product\/ru-quick-bond-aktivator\/#primaryimage","url":"https:\/\/shop.readunit.com\/wp-content\/uploads\/2025\/09\/Product-images-3_3A.jpg","contentUrl":"https:\/\/shop.readunit.com\/wp-content\/uploads\/2025\/09\/Product-images-3_3A.jpg","width":1200,"height":1200},{"@type":"BreadcrumbList","@id":"https:\/\/shop.readunit.com\/da\/product\/ru-quick-bond-aktivator\/#breadcrumb","itemListElement":[{"@type":"ListItem","position":1,"name":"Home","item":"https:\/\/shop.readunit.com\/da\/"},{"@type":"ListItem","position":2,"name":"Shop","item":"https:\/\/shop.readunit.com\/"},{"@type":"ListItem","position":3,"name":"RU Quick Bond Activator"}]},{"@type":"WebSite","@id":"https:\/\/shop.readunit.com\/da\/#website","url":"https:\/\/shop.readunit.com\/da\/","name":"Readunit","description":"IT Services and IT Consulting","publisher":{"@id":"https:\/\/shop.readunit.com\/da\/#organization"},"potentialAction":[{"@type":"SearchAction","target":{"@type":"EntryPoint","urlTemplate":"https:\/\/shop.readunit.com\/da\/?s={search_term_string}"},"query-input":{"@type":"PropertyValueSpecification","valueRequired":true,"valueName":"search_term_string"}}],"inLanguage":"da-DK"},{"@type":"Organization","@id":"https:\/\/shop.readunit.com\/da\/#organization","name":"Readunit","url":"https:\/\/shop.readunit.com\/da\/","logo":{"@type":"ImageObject","inLanguage":"da-DK","@id":"https:\/\/shop.readunit.com\/da\/#\/schema\/logo\/image\/","url":"https:\/\/staging.readunit.com\/wp-content\/uploads\/2025\/09\/logo_readunit_webshop_133px.svg","contentUrl":"https:\/\/staging.readunit.com\/wp-content\/uploads\/2025\/09\/logo_readunit_webshop_133px.svg","width":134,"height":19,"caption":"Readunit"},"image":{"@id":"https:\/\/shop.readunit.com\/da\/#\/schema\/logo\/image\/"}}]}},"_links":{"self":[{"href":"https:\/\/shop.readunit.com\/da\/wp-json\/wp\/v2\/product\/2474","targetHints":{"allow":["GET"]}}],"collection":[{"href":"https:\/\/shop.readunit.com\/da\/wp-json\/wp\/v2\/product"}],"about":[{"href":"https:\/\/shop.readunit.com\/da\/wp-json\/wp\/v2\/types\/product"}],"wp:featuredmedia":[{"embeddable":true,"href":"https:\/\/shop.readunit.com\/da\/wp-json\/wp\/v2\/media\/2463"}],"wp:attachment":[{"href":"https:\/\/shop.readunit.com\/da\/wp-json\/wp\/v2\/media?parent=2474"}],"wp:term":[{"taxonomy":"product_brand","embeddable":true,"href":"https:\/\/shop.readunit.com\/da\/wp-json\/wp\/v2\/product_brand?post=2474"},{"taxonomy":"product_cat","embeddable":true,"href":"https:\/\/shop.readunit.com\/da\/wp-json\/wp\/v2\/product_cat?post=2474"},{"taxonomy":"product_tag","embeddable":true,"href":"https:\/\/shop.readunit.com\/da\/wp-json\/wp\/v2\/product_tag?post=2474"}],"curies":[{"name":"wp","href":"https:\/\/api.w.org\/{rel}","templated":true}]}}