{"id":3176,"date":"2025-09-17T10:57:03","date_gmt":"2025-09-17T10:57:03","guid":{"rendered":"https:\/\/staging.readunit.com\/?post_type=product&#038;p=3176"},"modified":"2026-01-21T02:56:47","modified_gmt":"2026-01-21T02:56:47","slug":"ru-clip-nfc-1356-mhz-50-stk-copy","status":"publish","type":"product","link":"https:\/\/shop.readunit.com\/da\/product\/ru-clip-nfc-1356-mhz-50-stk-copy\/","title":{"rendered":"RU Mini NFC 13,56 Mhz (50 pcs.)"},"content":{"rendered":"<p><strong>Denne NFC-chip er et special produkt, og fremragende til udstyrsm\u00e6rkning.<\/strong><\/p>\n<p data-start=\"135\" data-end=\"419\"><strong data-start=\"135\" data-end=\"181\">Robust SLIX2 Chip til professionelt udstyr<\/strong><br data-start=\"181\" data-end=\"184\" \/>Denne chip er fremstillet af h\u00e5rd, slidst\u00e6rk ABS-plast, som giver h\u00f8j modstandsdygtighed over for daglig brug og belastning. Den er ideel til m\u00e6rkning af alt elektrisk udstyr, karabiner, PPE-udstyr samt en lang r\u00e6kke andre produkter.<\/p>\n<p data-start=\"421\" data-end=\"615\"><strong data-start=\"421\" data-end=\"461\">Fuld beskyttelse \u2013 IP68 certificeret<\/strong><br data-start=\"461\" data-end=\"464\" \/>Med IP68-klassificering er chippen 100 % beskyttet mod st\u00f8v og vandindtr\u00e6ngning, hvilket g\u00f8r den velegnet til b\u00e5de industriel og udend\u00f8rs anvendelse.<\/p>\n<p data-start=\"617\" data-end=\"832\"><strong data-start=\"617\" data-end=\"634\">Nem montering<\/strong><br data-start=\"634\" data-end=\"637\" \/>Vi anbefaler at bruge vores testede speciallim, som du finder i webshoppen. Den er hurtigh\u00e6rdende, ekstra slidst\u00e6rk og giver optimal vedh\u00e6ftning (husk at tilf\u00f8je aktivator for bedste resultat).<\/p>\n<p data-start=\"834\" data-end=\"914\"><strong data-start=\"834\" data-end=\"851\">Klar til brug<\/strong><br data-start=\"851\" data-end=\"854\" \/>Chippen leveres formateret og kan overskrives efter behov.<\/p>\n<p>&nbsp;<\/p>\n","protected":false},"excerpt":{"rendered":"<p><strong>Denne NFC-chip er et special produkt, og fremragende til udstyrsm\u00e6rkning.<\/strong><\/p>\n<p data-start=\"135\" data-end=\"419\"><strong data-start=\"135\" data-end=\"181\">Robust SLIX2 Chip til professionelt udstyr<\/strong><br data-start=\"181\" data-end=\"184\" \/>Denne chip er fremstillet af h\u00e5rd, slidst\u00e6rk ABS-plast, som giver h\u00f8j modstandsdygtighed over for daglig brug og belastning. Den er ideel til m\u00e6rkning af alt elektrisk udstyr, karabiner, PPE-udstyr samt en lang r\u00e6kke andre produkter.<\/p>\n<p data-start=\"421\" data-end=\"615\"><strong data-start=\"421\" data-end=\"461\">Fuld beskyttelse \u2013 IP68 certificeret<\/strong><br data-start=\"461\" data-end=\"464\" \/>Med IP68-klassificering er chippen 100 % beskyttet mod st\u00f8v og vandindtr\u00e6ngning, hvilket g\u00f8r den velegnet til b\u00e5de industriel og udend\u00f8rs anvendelse.<\/p>\n<p>&nbsp;<\/p>\n","protected":false},"featured_media":3183,"template":"","meta":[],"product_brand":[],"product_cat":[100],"product_tag":[],"class_list":{"0":"post-3176","1":"product","2":"type-product","3":"status-publish","4":"has-post-thumbnail","6":"product_cat-nfc-chip","8":"first","9":"instock","10":"taxable","11":"shipping-taxable","12":"purchasable","13":"product-type-simple"},"yoast_head":"<!-- This site is optimized with the Yoast SEO plugin v26.0 - https:\/\/yoast.com\/wordpress\/plugins\/seo\/ -->\n<title>RU Mini NFC 13,56 Mhz (50 pcs.) - Readunit<\/title>\n<meta name=\"robots\" content=\"index, follow, max-snippet:-1, max-image-preview:large, max-video-preview:-1\" \/>\n<link rel=\"canonical\" href=\"https:\/\/shop.readunit.com\/da\/product\/ru-clip-nfc-1356-mhz-50-stk-copy\/\" \/>\n<meta property=\"og:locale\" content=\"da_DK\" \/>\n<meta property=\"og:type\" content=\"article\" \/>\n<meta property=\"og:title\" content=\"RU Mini NFC 13,56 Mhz (50 pcs.) - Readunit\" \/>\n<meta property=\"og:description\" content=\"Denne NFC-chip er et special produkt, og fremragende til udstyrsm\u00e6rkning. Robust SLIX2 Chip til professionelt udstyrDenne chip er fremstillet af h\u00e5rd, slidst\u00e6rk ABS-plast, som giver h\u00f8j modstandsdygtighed over for daglig brug og belastning. Den er ideel til m\u00e6rkning af alt elektrisk udstyr, karabiner, PPE-udstyr samt en lang r\u00e6kke andre produkter. Fuld beskyttelse \u2013 IP68 certificeretMed IP68-klassificering er chippen 100 % beskyttet mod st\u00f8v og vandindtr\u00e6ngning, hvilket g\u00f8r den velegnet til b\u00e5de industriel og udend\u00f8rs anvendelse. &nbsp;\" \/>\n<meta property=\"og:url\" content=\"https:\/\/shop.readunit.com\/da\/product\/ru-clip-nfc-1356-mhz-50-stk-copy\/\" \/>\n<meta property=\"og:site_name\" content=\"Readunit\" \/>\n<meta property=\"article:modified_time\" content=\"2026-01-21T02:56:47+00:00\" \/>\n<meta property=\"og:image\" content=\"https:\/\/shop.readunit.com\/wp-content\/uploads\/2025\/09\/RU_Small_NFC_2.jpg\" \/>\n\t<meta property=\"og:image:width\" content=\"1200\" \/>\n\t<meta property=\"og:image:height\" content=\"1200\" \/>\n\t<meta property=\"og:image:type\" content=\"image\/jpeg\" \/>\n<meta name=\"twitter:card\" content=\"summary_large_image\" \/>\n<meta name=\"twitter:label1\" content=\"Estimeret l\u00e6setid\" \/>\n\t<meta name=\"twitter:data1\" content=\"1 minut\" \/>\n<script type=\"application\/ld+json\" class=\"yoast-schema-graph\">{\"@context\":\"https:\/\/schema.org\",\"@graph\":[{\"@type\":\"WebPage\",\"@id\":\"https:\/\/shop.readunit.com\/da\/product\/ru-clip-nfc-1356-mhz-50-stk-copy\/\",\"url\":\"https:\/\/shop.readunit.com\/da\/product\/ru-clip-nfc-1356-mhz-50-stk-copy\/\",\"name\":\"RU Mini NFC 13,56 Mhz (50 pcs.) - Readunit\",\"isPartOf\":{\"@id\":\"https:\/\/shop.readunit.com\/da\/#website\"},\"primaryImageOfPage\":{\"@id\":\"https:\/\/shop.readunit.com\/da\/product\/ru-clip-nfc-1356-mhz-50-stk-copy\/#primaryimage\"},\"image\":{\"@id\":\"https:\/\/shop.readunit.com\/da\/product\/ru-clip-nfc-1356-mhz-50-stk-copy\/#primaryimage\"},\"thumbnailUrl\":\"https:\/\/shop.readunit.com\/wp-content\/uploads\/2025\/09\/RU_Small_NFC_2.jpg\",\"datePublished\":\"2025-09-17T10:57:03+00:00\",\"dateModified\":\"2026-01-21T02:56:47+00:00\",\"breadcrumb\":{\"@id\":\"https:\/\/shop.readunit.com\/da\/product\/ru-clip-nfc-1356-mhz-50-stk-copy\/#breadcrumb\"},\"inLanguage\":\"da-DK\",\"potentialAction\":[{\"@type\":\"ReadAction\",\"target\":[\"https:\/\/shop.readunit.com\/da\/product\/ru-clip-nfc-1356-mhz-50-stk-copy\/\"]}]},{\"@type\":\"ImageObject\",\"inLanguage\":\"da-DK\",\"@id\":\"https:\/\/shop.readunit.com\/da\/product\/ru-clip-nfc-1356-mhz-50-stk-copy\/#primaryimage\",\"url\":\"https:\/\/shop.readunit.com\/wp-content\/uploads\/2025\/09\/RU_Small_NFC_2.jpg\",\"contentUrl\":\"https:\/\/shop.readunit.com\/wp-content\/uploads\/2025\/09\/RU_Small_NFC_2.jpg\",\"width\":1200,\"height\":1200},{\"@type\":\"BreadcrumbList\",\"@id\":\"https:\/\/shop.readunit.com\/da\/product\/ru-clip-nfc-1356-mhz-50-stk-copy\/#breadcrumb\",\"itemListElement\":[{\"@type\":\"ListItem\",\"position\":1,\"name\":\"Home\",\"item\":\"https:\/\/shop.readunit.com\/da\/\"},{\"@type\":\"ListItem\",\"position\":2,\"name\":\"Shop\",\"item\":\"https:\/\/shop.readunit.com\/\"},{\"@type\":\"ListItem\",\"position\":3,\"name\":\"RU Mini NFC 13,56 Mhz (50 pcs.)\"}]},{\"@type\":\"WebSite\",\"@id\":\"https:\/\/shop.readunit.com\/da\/#website\",\"url\":\"https:\/\/shop.readunit.com\/da\/\",\"name\":\"Readunit\",\"description\":\"IT Services and IT Consulting\",\"publisher\":{\"@id\":\"https:\/\/shop.readunit.com\/da\/#organization\"},\"potentialAction\":[{\"@type\":\"SearchAction\",\"target\":{\"@type\":\"EntryPoint\",\"urlTemplate\":\"https:\/\/shop.readunit.com\/da\/?s={search_term_string}\"},\"query-input\":{\"@type\":\"PropertyValueSpecification\",\"valueRequired\":true,\"valueName\":\"search_term_string\"}}],\"inLanguage\":\"da-DK\"},{\"@type\":\"Organization\",\"@id\":\"https:\/\/shop.readunit.com\/da\/#organization\",\"name\":\"Readunit\",\"url\":\"https:\/\/shop.readunit.com\/da\/\",\"logo\":{\"@type\":\"ImageObject\",\"inLanguage\":\"da-DK\",\"@id\":\"https:\/\/shop.readunit.com\/da\/#\/schema\/logo\/image\/\",\"url\":\"https:\/\/staging.readunit.com\/wp-content\/uploads\/2025\/09\/logo_readunit_webshop_133px.svg\",\"contentUrl\":\"https:\/\/staging.readunit.com\/wp-content\/uploads\/2025\/09\/logo_readunit_webshop_133px.svg\",\"width\":134,\"height\":19,\"caption\":\"Readunit\"},\"image\":{\"@id\":\"https:\/\/shop.readunit.com\/da\/#\/schema\/logo\/image\/\"}}]}<\/script>\n<!-- \/ Yoast SEO plugin. -->","yoast_head_json":{"title":"RU Mini NFC 13,56 Mhz (50 pcs.) - Readunit","robots":{"index":"index","follow":"follow","max-snippet":"max-snippet:-1","max-image-preview":"max-image-preview:large","max-video-preview":"max-video-preview:-1"},"canonical":"https:\/\/shop.readunit.com\/da\/product\/ru-clip-nfc-1356-mhz-50-stk-copy\/","og_locale":"da_DK","og_type":"article","og_title":"RU Mini NFC 13,56 Mhz (50 pcs.) - Readunit","og_description":"Denne NFC-chip er et special produkt, og fremragende til udstyrsm\u00e6rkning. Robust SLIX2 Chip til professionelt udstyrDenne chip er fremstillet af h\u00e5rd, slidst\u00e6rk ABS-plast, som giver h\u00f8j modstandsdygtighed over for daglig brug og belastning. Den er ideel til m\u00e6rkning af alt elektrisk udstyr, karabiner, PPE-udstyr samt en lang r\u00e6kke andre produkter. Fuld beskyttelse \u2013 IP68 certificeretMed IP68-klassificering er chippen 100 % beskyttet mod st\u00f8v og vandindtr\u00e6ngning, hvilket g\u00f8r den velegnet til b\u00e5de industriel og udend\u00f8rs anvendelse. &nbsp;","og_url":"https:\/\/shop.readunit.com\/da\/product\/ru-clip-nfc-1356-mhz-50-stk-copy\/","og_site_name":"Readunit","article_modified_time":"2026-01-21T02:56:47+00:00","og_image":[{"width":1200,"height":1200,"url":"https:\/\/shop.readunit.com\/wp-content\/uploads\/2025\/09\/RU_Small_NFC_2.jpg","type":"image\/jpeg"}],"twitter_card":"summary_large_image","twitter_misc":{"Estimeret l\u00e6setid":"1 minut"},"schema":{"@context":"https:\/\/schema.org","@graph":[{"@type":"WebPage","@id":"https:\/\/shop.readunit.com\/da\/product\/ru-clip-nfc-1356-mhz-50-stk-copy\/","url":"https:\/\/shop.readunit.com\/da\/product\/ru-clip-nfc-1356-mhz-50-stk-copy\/","name":"RU Mini NFC 13,56 Mhz (50 pcs.) - Readunit","isPartOf":{"@id":"https:\/\/shop.readunit.com\/da\/#website"},"primaryImageOfPage":{"@id":"https:\/\/shop.readunit.com\/da\/product\/ru-clip-nfc-1356-mhz-50-stk-copy\/#primaryimage"},"image":{"@id":"https:\/\/shop.readunit.com\/da\/product\/ru-clip-nfc-1356-mhz-50-stk-copy\/#primaryimage"},"thumbnailUrl":"https:\/\/shop.readunit.com\/wp-content\/uploads\/2025\/09\/RU_Small_NFC_2.jpg","datePublished":"2025-09-17T10:57:03+00:00","dateModified":"2026-01-21T02:56:47+00:00","breadcrumb":{"@id":"https:\/\/shop.readunit.com\/da\/product\/ru-clip-nfc-1356-mhz-50-stk-copy\/#breadcrumb"},"inLanguage":"da-DK","potentialAction":[{"@type":"ReadAction","target":["https:\/\/shop.readunit.com\/da\/product\/ru-clip-nfc-1356-mhz-50-stk-copy\/"]}]},{"@type":"ImageObject","inLanguage":"da-DK","@id":"https:\/\/shop.readunit.com\/da\/product\/ru-clip-nfc-1356-mhz-50-stk-copy\/#primaryimage","url":"https:\/\/shop.readunit.com\/wp-content\/uploads\/2025\/09\/RU_Small_NFC_2.jpg","contentUrl":"https:\/\/shop.readunit.com\/wp-content\/uploads\/2025\/09\/RU_Small_NFC_2.jpg","width":1200,"height":1200},{"@type":"BreadcrumbList","@id":"https:\/\/shop.readunit.com\/da\/product\/ru-clip-nfc-1356-mhz-50-stk-copy\/#breadcrumb","itemListElement":[{"@type":"ListItem","position":1,"name":"Home","item":"https:\/\/shop.readunit.com\/da\/"},{"@type":"ListItem","position":2,"name":"Shop","item":"https:\/\/shop.readunit.com\/"},{"@type":"ListItem","position":3,"name":"RU Mini NFC 13,56 Mhz (50 pcs.)"}]},{"@type":"WebSite","@id":"https:\/\/shop.readunit.com\/da\/#website","url":"https:\/\/shop.readunit.com\/da\/","name":"Readunit","description":"IT Services and IT Consulting","publisher":{"@id":"https:\/\/shop.readunit.com\/da\/#organization"},"potentialAction":[{"@type":"SearchAction","target":{"@type":"EntryPoint","urlTemplate":"https:\/\/shop.readunit.com\/da\/?s={search_term_string}"},"query-input":{"@type":"PropertyValueSpecification","valueRequired":true,"valueName":"search_term_string"}}],"inLanguage":"da-DK"},{"@type":"Organization","@id":"https:\/\/shop.readunit.com\/da\/#organization","name":"Readunit","url":"https:\/\/shop.readunit.com\/da\/","logo":{"@type":"ImageObject","inLanguage":"da-DK","@id":"https:\/\/shop.readunit.com\/da\/#\/schema\/logo\/image\/","url":"https:\/\/staging.readunit.com\/wp-content\/uploads\/2025\/09\/logo_readunit_webshop_133px.svg","contentUrl":"https:\/\/staging.readunit.com\/wp-content\/uploads\/2025\/09\/logo_readunit_webshop_133px.svg","width":134,"height":19,"caption":"Readunit"},"image":{"@id":"https:\/\/shop.readunit.com\/da\/#\/schema\/logo\/image\/"}}]}},"_links":{"self":[{"href":"https:\/\/shop.readunit.com\/da\/wp-json\/wp\/v2\/product\/3176","targetHints":{"allow":["GET"]}}],"collection":[{"href":"https:\/\/shop.readunit.com\/da\/wp-json\/wp\/v2\/product"}],"about":[{"href":"https:\/\/shop.readunit.com\/da\/wp-json\/wp\/v2\/types\/product"}],"wp:featuredmedia":[{"embeddable":true,"href":"https:\/\/shop.readunit.com\/da\/wp-json\/wp\/v2\/media\/3183"}],"wp:attachment":[{"href":"https:\/\/shop.readunit.com\/da\/wp-json\/wp\/v2\/media?parent=3176"}],"wp:term":[{"taxonomy":"product_brand","embeddable":true,"href":"https:\/\/shop.readunit.com\/da\/wp-json\/wp\/v2\/product_brand?post=3176"},{"taxonomy":"product_cat","embeddable":true,"href":"https:\/\/shop.readunit.com\/da\/wp-json\/wp\/v2\/product_cat?post=3176"},{"taxonomy":"product_tag","embeddable":true,"href":"https:\/\/shop.readunit.com\/da\/wp-json\/wp\/v2\/product_tag?post=3176"}],"curies":[{"name":"wp","href":"https:\/\/api.w.org\/{rel}","templated":true}]}}