{"id":3227,"date":"2025-09-18T12:43:27","date_gmt":"2025-09-18T12:43:27","guid":{"rendered":"https:\/\/staging.readunit.com\/?post_type=product&#038;p=3227"},"modified":"2025-10-07T06:36:54","modified_gmt":"2025-10-07T06:36:54","slug":"ru-labels-pa-rulle-50x25-mm-1-800stk-o25-copy","status":"publish","type":"product","link":"https:\/\/shop.readunit.com\/da\/product\/ru-labels-pa-rulle-50x25-mm-1-800stk-o25-copy\/","title":{"rendered":"RU Labels on roll, 20&#215;10 mm, 1.500 pcs. \u00d876"},"content":{"rendered":"<p data-start=\"109\" data-end=\"145\"><strong data-start=\"109\" data-end=\"143\">Etiketter udviklet af Readunit<\/strong><\/p>\n<p data-start=\"147\" data-end=\"403\">Vores etiketter er specialudviklede og designet til at modst\u00e5 selv de mest kr\u00e6vende forhold \u2013 b\u00e5de indend\u00f8rs og udend\u00f8rs. De er fremstillet af 3M PVC-materiale, hvilket giver en ekstremt st\u00e6rk vedh\u00e6ftning samt h\u00f8j modstandsdygtighed over for UV-str\u00e5ling.<\/p>\n<p data-start=\"405\" data-end=\"436\"><strong data-start=\"405\" data-end=\"434\">Tekniske specifikationer:<\/strong><\/p>\n<ul data-start=\"437\" data-end=\"505\">\n<li data-start=\"437\" data-end=\"459\">\n<p data-start=\"439\" data-end=\"459\">Format: 20 x 10 mm<\/p>\n<\/li>\n<li data-start=\"460\" data-end=\"505\">\n<p data-start=\"462\" data-end=\"505\">Antal: 1 rulle indeholder 1.500 etiketter<\/p>\n<\/li>\n<li data-start=\"460\" data-end=\"505\">Kerne diameter (hul) 25mm, udvendig rulle diameter 97mm<\/li>\n<\/ul>\n","protected":false},"excerpt":{"rendered":"<p data-start=\"109\" data-end=\"145\"><strong data-start=\"109\" data-end=\"143\">Etiketter udviklet af Readunit<\/strong><\/p>\n<p data-start=\"147\" data-end=\"403\">Vores etiketter er specialudviklede og designet til at modst\u00e5 selv de mest kr\u00e6vende forhold \u2013 b\u00e5de indend\u00f8rs og udend\u00f8rs. De er fremstillet af 3M PVC-materiale, hvilket giver en ekstremt st\u00e6rk vedh\u00e6ftning samt h\u00f8j modstandsdygtighed over for UV-str\u00e5ling.<\/p>\n","protected":false},"featured_media":3205,"template":"","meta":[],"product_brand":[],"product_cat":[124],"product_tag":[],"class_list":{"0":"post-3227","1":"product","2":"type-product","3":"status-publish","4":"has-post-thumbnail","6":"product_cat-etiketter-og-resin","8":"first","9":"instock","10":"taxable","11":"shipping-taxable","12":"purchasable","13":"product-type-simple"},"yoast_head":"<!-- This site is optimized with the Yoast SEO plugin v26.0 - https:\/\/yoast.com\/wordpress\/plugins\/seo\/ -->\n<title>RU Labels on roll, 20x10 mm, 1.500 pcs. \u00d876 - Readunit<\/title>\n<meta name=\"robots\" content=\"index, follow, max-snippet:-1, max-image-preview:large, max-video-preview:-1\" \/>\n<link rel=\"canonical\" href=\"https:\/\/shop.readunit.com\/da\/product\/ru-labels-pa-rulle-50x25-mm-1-800stk-o25-copy\/\" \/>\n<meta property=\"og:locale\" content=\"da_DK\" \/>\n<meta property=\"og:type\" content=\"article\" \/>\n<meta property=\"og:title\" content=\"RU Labels on roll, 20x10 mm, 1.500 pcs. \u00d876 - Readunit\" \/>\n<meta property=\"og:description\" content=\"Etiketter udviklet af Readunit Vores etiketter er specialudviklede og designet til at modst\u00e5 selv de mest kr\u00e6vende forhold \u2013 b\u00e5de indend\u00f8rs og udend\u00f8rs. De er fremstillet af 3M PVC-materiale, hvilket giver en ekstremt st\u00e6rk vedh\u00e6ftning samt h\u00f8j modstandsdygtighed over for UV-str\u00e5ling.\" \/>\n<meta property=\"og:url\" content=\"https:\/\/shop.readunit.com\/da\/product\/ru-labels-pa-rulle-50x25-mm-1-800stk-o25-copy\/\" \/>\n<meta property=\"og:site_name\" content=\"Readunit\" \/>\n<meta property=\"article:modified_time\" content=\"2025-10-07T06:36:54+00:00\" \/>\n<meta property=\"og:image\" content=\"https:\/\/shop.readunit.com\/wp-content\/uploads\/2025\/09\/label3.jpg\" \/>\n\t<meta property=\"og:image:width\" content=\"1200\" \/>\n\t<meta property=\"og:image:height\" content=\"1200\" \/>\n\t<meta property=\"og:image:type\" content=\"image\/jpeg\" \/>\n<meta name=\"twitter:card\" content=\"summary_large_image\" \/>\n<meta name=\"twitter:label1\" content=\"Estimeret l\u00e6setid\" \/>\n\t<meta name=\"twitter:data1\" content=\"1 minut\" \/>\n<script type=\"application\/ld+json\" class=\"yoast-schema-graph\">{\"@context\":\"https:\/\/schema.org\",\"@graph\":[{\"@type\":\"WebPage\",\"@id\":\"https:\/\/shop.readunit.com\/da\/product\/ru-labels-pa-rulle-50x25-mm-1-800stk-o25-copy\/\",\"url\":\"https:\/\/shop.readunit.com\/da\/product\/ru-labels-pa-rulle-50x25-mm-1-800stk-o25-copy\/\",\"name\":\"RU Labels on roll, 20x10 mm, 1.500 pcs. \u00d876 - Readunit\",\"isPartOf\":{\"@id\":\"https:\/\/shop.readunit.com\/da\/#website\"},\"primaryImageOfPage\":{\"@id\":\"https:\/\/shop.readunit.com\/da\/product\/ru-labels-pa-rulle-50x25-mm-1-800stk-o25-copy\/#primaryimage\"},\"image\":{\"@id\":\"https:\/\/shop.readunit.com\/da\/product\/ru-labels-pa-rulle-50x25-mm-1-800stk-o25-copy\/#primaryimage\"},\"thumbnailUrl\":\"https:\/\/shop.readunit.com\/wp-content\/uploads\/2025\/09\/label3.jpg\",\"datePublished\":\"2025-09-18T12:43:27+00:00\",\"dateModified\":\"2025-10-07T06:36:54+00:00\",\"breadcrumb\":{\"@id\":\"https:\/\/shop.readunit.com\/da\/product\/ru-labels-pa-rulle-50x25-mm-1-800stk-o25-copy\/#breadcrumb\"},\"inLanguage\":\"da-DK\",\"potentialAction\":[{\"@type\":\"ReadAction\",\"target\":[\"https:\/\/shop.readunit.com\/da\/product\/ru-labels-pa-rulle-50x25-mm-1-800stk-o25-copy\/\"]}]},{\"@type\":\"ImageObject\",\"inLanguage\":\"da-DK\",\"@id\":\"https:\/\/shop.readunit.com\/da\/product\/ru-labels-pa-rulle-50x25-mm-1-800stk-o25-copy\/#primaryimage\",\"url\":\"https:\/\/shop.readunit.com\/wp-content\/uploads\/2025\/09\/label3.jpg\",\"contentUrl\":\"https:\/\/shop.readunit.com\/wp-content\/uploads\/2025\/09\/label3.jpg\",\"width\":1200,\"height\":1200},{\"@type\":\"BreadcrumbList\",\"@id\":\"https:\/\/shop.readunit.com\/da\/product\/ru-labels-pa-rulle-50x25-mm-1-800stk-o25-copy\/#breadcrumb\",\"itemListElement\":[{\"@type\":\"ListItem\",\"position\":1,\"name\":\"Home\",\"item\":\"https:\/\/shop.readunit.com\/da\/\"},{\"@type\":\"ListItem\",\"position\":2,\"name\":\"Shop\",\"item\":\"https:\/\/shop.readunit.com\/\"},{\"@type\":\"ListItem\",\"position\":3,\"name\":\"RU Labels on roll, 20&#215;10 mm, 1.500 pcs. \u00d876\"}]},{\"@type\":\"WebSite\",\"@id\":\"https:\/\/shop.readunit.com\/da\/#website\",\"url\":\"https:\/\/shop.readunit.com\/da\/\",\"name\":\"Readunit\",\"description\":\"IT Services and IT Consulting\",\"publisher\":{\"@id\":\"https:\/\/shop.readunit.com\/da\/#organization\"},\"potentialAction\":[{\"@type\":\"SearchAction\",\"target\":{\"@type\":\"EntryPoint\",\"urlTemplate\":\"https:\/\/shop.readunit.com\/da\/?s={search_term_string}\"},\"query-input\":{\"@type\":\"PropertyValueSpecification\",\"valueRequired\":true,\"valueName\":\"search_term_string\"}}],\"inLanguage\":\"da-DK\"},{\"@type\":\"Organization\",\"@id\":\"https:\/\/shop.readunit.com\/da\/#organization\",\"name\":\"Readunit\",\"url\":\"https:\/\/shop.readunit.com\/da\/\",\"logo\":{\"@type\":\"ImageObject\",\"inLanguage\":\"da-DK\",\"@id\":\"https:\/\/shop.readunit.com\/da\/#\/schema\/logo\/image\/\",\"url\":\"https:\/\/staging.readunit.com\/wp-content\/uploads\/2025\/09\/logo_readunit_webshop_133px.svg\",\"contentUrl\":\"https:\/\/staging.readunit.com\/wp-content\/uploads\/2025\/09\/logo_readunit_webshop_133px.svg\",\"width\":134,\"height\":19,\"caption\":\"Readunit\"},\"image\":{\"@id\":\"https:\/\/shop.readunit.com\/da\/#\/schema\/logo\/image\/\"}}]}<\/script>\n<!-- \/ Yoast SEO plugin. -->","yoast_head_json":{"title":"RU Labels on roll, 20x10 mm, 1.500 pcs. \u00d876 - Readunit","robots":{"index":"index","follow":"follow","max-snippet":"max-snippet:-1","max-image-preview":"max-image-preview:large","max-video-preview":"max-video-preview:-1"},"canonical":"https:\/\/shop.readunit.com\/da\/product\/ru-labels-pa-rulle-50x25-mm-1-800stk-o25-copy\/","og_locale":"da_DK","og_type":"article","og_title":"RU Labels on roll, 20x10 mm, 1.500 pcs. \u00d876 - Readunit","og_description":"Etiketter udviklet af Readunit Vores etiketter er specialudviklede og designet til at modst\u00e5 selv de mest kr\u00e6vende forhold \u2013 b\u00e5de indend\u00f8rs og udend\u00f8rs. De er fremstillet af 3M PVC-materiale, hvilket giver en ekstremt st\u00e6rk vedh\u00e6ftning samt h\u00f8j modstandsdygtighed over for UV-str\u00e5ling.","og_url":"https:\/\/shop.readunit.com\/da\/product\/ru-labels-pa-rulle-50x25-mm-1-800stk-o25-copy\/","og_site_name":"Readunit","article_modified_time":"2025-10-07T06:36:54+00:00","og_image":[{"width":1200,"height":1200,"url":"https:\/\/shop.readunit.com\/wp-content\/uploads\/2025\/09\/label3.jpg","type":"image\/jpeg"}],"twitter_card":"summary_large_image","twitter_misc":{"Estimeret l\u00e6setid":"1 minut"},"schema":{"@context":"https:\/\/schema.org","@graph":[{"@type":"WebPage","@id":"https:\/\/shop.readunit.com\/da\/product\/ru-labels-pa-rulle-50x25-mm-1-800stk-o25-copy\/","url":"https:\/\/shop.readunit.com\/da\/product\/ru-labels-pa-rulle-50x25-mm-1-800stk-o25-copy\/","name":"RU Labels on roll, 20x10 mm, 1.500 pcs. \u00d876 - Readunit","isPartOf":{"@id":"https:\/\/shop.readunit.com\/da\/#website"},"primaryImageOfPage":{"@id":"https:\/\/shop.readunit.com\/da\/product\/ru-labels-pa-rulle-50x25-mm-1-800stk-o25-copy\/#primaryimage"},"image":{"@id":"https:\/\/shop.readunit.com\/da\/product\/ru-labels-pa-rulle-50x25-mm-1-800stk-o25-copy\/#primaryimage"},"thumbnailUrl":"https:\/\/shop.readunit.com\/wp-content\/uploads\/2025\/09\/label3.jpg","datePublished":"2025-09-18T12:43:27+00:00","dateModified":"2025-10-07T06:36:54+00:00","breadcrumb":{"@id":"https:\/\/shop.readunit.com\/da\/product\/ru-labels-pa-rulle-50x25-mm-1-800stk-o25-copy\/#breadcrumb"},"inLanguage":"da-DK","potentialAction":[{"@type":"ReadAction","target":["https:\/\/shop.readunit.com\/da\/product\/ru-labels-pa-rulle-50x25-mm-1-800stk-o25-copy\/"]}]},{"@type":"ImageObject","inLanguage":"da-DK","@id":"https:\/\/shop.readunit.com\/da\/product\/ru-labels-pa-rulle-50x25-mm-1-800stk-o25-copy\/#primaryimage","url":"https:\/\/shop.readunit.com\/wp-content\/uploads\/2025\/09\/label3.jpg","contentUrl":"https:\/\/shop.readunit.com\/wp-content\/uploads\/2025\/09\/label3.jpg","width":1200,"height":1200},{"@type":"BreadcrumbList","@id":"https:\/\/shop.readunit.com\/da\/product\/ru-labels-pa-rulle-50x25-mm-1-800stk-o25-copy\/#breadcrumb","itemListElement":[{"@type":"ListItem","position":1,"name":"Home","item":"https:\/\/shop.readunit.com\/da\/"},{"@type":"ListItem","position":2,"name":"Shop","item":"https:\/\/shop.readunit.com\/"},{"@type":"ListItem","position":3,"name":"RU Labels on roll, 20&#215;10 mm, 1.500 pcs. \u00d876"}]},{"@type":"WebSite","@id":"https:\/\/shop.readunit.com\/da\/#website","url":"https:\/\/shop.readunit.com\/da\/","name":"Readunit","description":"IT Services and IT Consulting","publisher":{"@id":"https:\/\/shop.readunit.com\/da\/#organization"},"potentialAction":[{"@type":"SearchAction","target":{"@type":"EntryPoint","urlTemplate":"https:\/\/shop.readunit.com\/da\/?s={search_term_string}"},"query-input":{"@type":"PropertyValueSpecification","valueRequired":true,"valueName":"search_term_string"}}],"inLanguage":"da-DK"},{"@type":"Organization","@id":"https:\/\/shop.readunit.com\/da\/#organization","name":"Readunit","url":"https:\/\/shop.readunit.com\/da\/","logo":{"@type":"ImageObject","inLanguage":"da-DK","@id":"https:\/\/shop.readunit.com\/da\/#\/schema\/logo\/image\/","url":"https:\/\/staging.readunit.com\/wp-content\/uploads\/2025\/09\/logo_readunit_webshop_133px.svg","contentUrl":"https:\/\/staging.readunit.com\/wp-content\/uploads\/2025\/09\/logo_readunit_webshop_133px.svg","width":134,"height":19,"caption":"Readunit"},"image":{"@id":"https:\/\/shop.readunit.com\/da\/#\/schema\/logo\/image\/"}}]}},"_links":{"self":[{"href":"https:\/\/shop.readunit.com\/da\/wp-json\/wp\/v2\/product\/3227","targetHints":{"allow":["GET"]}}],"collection":[{"href":"https:\/\/shop.readunit.com\/da\/wp-json\/wp\/v2\/product"}],"about":[{"href":"https:\/\/shop.readunit.com\/da\/wp-json\/wp\/v2\/types\/product"}],"wp:featuredmedia":[{"embeddable":true,"href":"https:\/\/shop.readunit.com\/da\/wp-json\/wp\/v2\/media\/3205"}],"wp:attachment":[{"href":"https:\/\/shop.readunit.com\/da\/wp-json\/wp\/v2\/media?parent=3227"}],"wp:term":[{"taxonomy":"product_brand","embeddable":true,"href":"https:\/\/shop.readunit.com\/da\/wp-json\/wp\/v2\/product_brand?post=3227"},{"taxonomy":"product_cat","embeddable":true,"href":"https:\/\/shop.readunit.com\/da\/wp-json\/wp\/v2\/product_cat?post=3227"},{"taxonomy":"product_tag","embeddable":true,"href":"https:\/\/shop.readunit.com\/da\/wp-json\/wp\/v2\/product_tag?post=3227"}],"curies":[{"name":"wp","href":"https:\/\/api.w.org\/{rel}","templated":true}]}}