{"id":3283,"date":"2025-09-22T06:57:15","date_gmt":"2025-09-22T06:57:15","guid":{"rendered":"https:\/\/staging.readunit.com\/?post_type=product&#038;p=3283"},"modified":"2026-02-04T08:06:34","modified_gmt":"2026-02-04T08:06:34","slug":"repaplast-cleaner-antistatic","status":"publish","type":"product","link":"https:\/\/shop.readunit.com\/da\/product\/repaplast-cleaner-antistatic\/","title":{"rendered":"RU Repaplast Cleaner Antistatic"},"content":{"rendered":"<p><strong>Repaplast Cleaner<\/strong> er et professionelt reng\u00f8ringsprodukt specielt designet til reng\u00f8ring af de fleste plast og metal typer. Produktet giver en sikker og effektiv reng\u00f8ring af plast inden reparationer eller yderligere behandling. Repaplast Cleaner afleder al elektricitet, der genereres under slibning eller reng\u00f8ring af plastik og metal. Dette forhindrer overfladen i at tiltr\u00e6kke st\u00f8v og snavs under opf\u00f8lgende behandling.<\/p>\n<p>Repaplast Cleaner fjerner rester af lim, olie, fedt, snavs og silikone hurtigt og effektivt. Produktets hurtige fordampning forhindrer Repaplast Cleaner i at komme ind i plastikken, hvilket reducerer lange ventetider for fordampning. Takket v\u00e6re disse egenskaber er Repaplast Cleaner det ideelle reng\u00f8ringsprodukt til plast og metal.<\/p>\n<p>&nbsp;<\/p>\n","protected":false},"excerpt":{"rendered":"<p><strong>Repaplast Cleaner<\/strong> er et professionelt reng\u00f8ringsprodukt specielt designet til reng\u00f8ring af de fleste plast og metal typer.<\/p>\n","protected":false},"featured_media":3273,"template":"","meta":[],"product_brand":[],"product_cat":[99],"product_tag":[],"class_list":{"0":"post-3283","1":"product","2":"type-product","3":"status-publish","4":"has-post-thumbnail","6":"product_cat-lim-og-tilbehoer","8":"first","9":"onbackorder","10":"taxable","11":"shipping-taxable","12":"purchasable","13":"product-type-simple"},"yoast_head":"<!-- This site is optimized with the Yoast SEO plugin v26.0 - https:\/\/yoast.com\/wordpress\/plugins\/seo\/ -->\n<title>RU Repaplast Cleaner Antistatic - Readunit<\/title>\n<meta name=\"robots\" content=\"index, follow, max-snippet:-1, max-image-preview:large, max-video-preview:-1\" \/>\n<link rel=\"canonical\" href=\"https:\/\/shop.readunit.com\/da\/product\/repaplast-cleaner-antistatic\/\" \/>\n<meta property=\"og:locale\" content=\"da_DK\" \/>\n<meta property=\"og:type\" content=\"article\" \/>\n<meta property=\"og:title\" content=\"RU Repaplast Cleaner Antistatic - Readunit\" \/>\n<meta property=\"og:description\" content=\"Repaplast Cleaner er et professionelt reng\u00f8ringsprodukt specielt designet til reng\u00f8ring af de fleste plast og metal typer.\" \/>\n<meta property=\"og:url\" content=\"https:\/\/shop.readunit.com\/da\/product\/repaplast-cleaner-antistatic\/\" \/>\n<meta property=\"og:site_name\" content=\"Readunit\" \/>\n<meta property=\"article:modified_time\" content=\"2026-02-04T08:06:34+00:00\" \/>\n<meta property=\"og:image\" content=\"https:\/\/shop.readunit.com\/wp-content\/uploads\/2025\/09\/affedter.jpg\" \/>\n\t<meta property=\"og:image:width\" content=\"1200\" \/>\n\t<meta property=\"og:image:height\" content=\"1200\" \/>\n\t<meta property=\"og:image:type\" content=\"image\/jpeg\" \/>\n<meta name=\"twitter:card\" content=\"summary_large_image\" \/>\n<meta name=\"twitter:label1\" content=\"Estimeret l\u00e6setid\" \/>\n\t<meta name=\"twitter:data1\" content=\"1 minut\" \/>\n<script type=\"application\/ld+json\" class=\"yoast-schema-graph\">{\"@context\":\"https:\/\/schema.org\",\"@graph\":[{\"@type\":\"WebPage\",\"@id\":\"https:\/\/shop.readunit.com\/da\/product\/repaplast-cleaner-antistatic\/\",\"url\":\"https:\/\/shop.readunit.com\/da\/product\/repaplast-cleaner-antistatic\/\",\"name\":\"RU Repaplast Cleaner Antistatic - Readunit\",\"isPartOf\":{\"@id\":\"https:\/\/shop.readunit.com\/da\/#website\"},\"primaryImageOfPage\":{\"@id\":\"https:\/\/shop.readunit.com\/da\/product\/repaplast-cleaner-antistatic\/#primaryimage\"},\"image\":{\"@id\":\"https:\/\/shop.readunit.com\/da\/product\/repaplast-cleaner-antistatic\/#primaryimage\"},\"thumbnailUrl\":\"https:\/\/shop.readunit.com\/wp-content\/uploads\/2025\/09\/affedter.jpg\",\"datePublished\":\"2025-09-22T06:57:15+00:00\",\"dateModified\":\"2026-02-04T08:06:34+00:00\",\"breadcrumb\":{\"@id\":\"https:\/\/shop.readunit.com\/da\/product\/repaplast-cleaner-antistatic\/#breadcrumb\"},\"inLanguage\":\"da-DK\",\"potentialAction\":[{\"@type\":\"ReadAction\",\"target\":[\"https:\/\/shop.readunit.com\/da\/product\/repaplast-cleaner-antistatic\/\"]}]},{\"@type\":\"ImageObject\",\"inLanguage\":\"da-DK\",\"@id\":\"https:\/\/shop.readunit.com\/da\/product\/repaplast-cleaner-antistatic\/#primaryimage\",\"url\":\"https:\/\/shop.readunit.com\/wp-content\/uploads\/2025\/09\/affedter.jpg\",\"contentUrl\":\"https:\/\/shop.readunit.com\/wp-content\/uploads\/2025\/09\/affedter.jpg\",\"width\":1200,\"height\":1200},{\"@type\":\"BreadcrumbList\",\"@id\":\"https:\/\/shop.readunit.com\/da\/product\/repaplast-cleaner-antistatic\/#breadcrumb\",\"itemListElement\":[{\"@type\":\"ListItem\",\"position\":1,\"name\":\"Home\",\"item\":\"https:\/\/shop.readunit.com\/da\/\"},{\"@type\":\"ListItem\",\"position\":2,\"name\":\"Shop\",\"item\":\"https:\/\/shop.readunit.com\/\"},{\"@type\":\"ListItem\",\"position\":3,\"name\":\"RU Repaplast Cleaner Antistatic\"}]},{\"@type\":\"WebSite\",\"@id\":\"https:\/\/shop.readunit.com\/da\/#website\",\"url\":\"https:\/\/shop.readunit.com\/da\/\",\"name\":\"Readunit\",\"description\":\"IT Services and IT Consulting\",\"publisher\":{\"@id\":\"https:\/\/shop.readunit.com\/da\/#organization\"},\"potentialAction\":[{\"@type\":\"SearchAction\",\"target\":{\"@type\":\"EntryPoint\",\"urlTemplate\":\"https:\/\/shop.readunit.com\/da\/?s={search_term_string}\"},\"query-input\":{\"@type\":\"PropertyValueSpecification\",\"valueRequired\":true,\"valueName\":\"search_term_string\"}}],\"inLanguage\":\"da-DK\"},{\"@type\":\"Organization\",\"@id\":\"https:\/\/shop.readunit.com\/da\/#organization\",\"name\":\"Readunit\",\"url\":\"https:\/\/shop.readunit.com\/da\/\",\"logo\":{\"@type\":\"ImageObject\",\"inLanguage\":\"da-DK\",\"@id\":\"https:\/\/shop.readunit.com\/da\/#\/schema\/logo\/image\/\",\"url\":\"https:\/\/staging.readunit.com\/wp-content\/uploads\/2025\/09\/logo_readunit_webshop_133px.svg\",\"contentUrl\":\"https:\/\/staging.readunit.com\/wp-content\/uploads\/2025\/09\/logo_readunit_webshop_133px.svg\",\"width\":134,\"height\":19,\"caption\":\"Readunit\"},\"image\":{\"@id\":\"https:\/\/shop.readunit.com\/da\/#\/schema\/logo\/image\/\"}}]}<\/script>\n<!-- \/ Yoast SEO plugin. -->","yoast_head_json":{"title":"RU Repaplast Cleaner Antistatic - Readunit","robots":{"index":"index","follow":"follow","max-snippet":"max-snippet:-1","max-image-preview":"max-image-preview:large","max-video-preview":"max-video-preview:-1"},"canonical":"https:\/\/shop.readunit.com\/da\/product\/repaplast-cleaner-antistatic\/","og_locale":"da_DK","og_type":"article","og_title":"RU Repaplast Cleaner Antistatic - Readunit","og_description":"Repaplast Cleaner er et professionelt reng\u00f8ringsprodukt specielt designet til reng\u00f8ring af de fleste plast og metal typer.","og_url":"https:\/\/shop.readunit.com\/da\/product\/repaplast-cleaner-antistatic\/","og_site_name":"Readunit","article_modified_time":"2026-02-04T08:06:34+00:00","og_image":[{"width":1200,"height":1200,"url":"https:\/\/shop.readunit.com\/wp-content\/uploads\/2025\/09\/affedter.jpg","type":"image\/jpeg"}],"twitter_card":"summary_large_image","twitter_misc":{"Estimeret l\u00e6setid":"1 minut"},"schema":{"@context":"https:\/\/schema.org","@graph":[{"@type":"WebPage","@id":"https:\/\/shop.readunit.com\/da\/product\/repaplast-cleaner-antistatic\/","url":"https:\/\/shop.readunit.com\/da\/product\/repaplast-cleaner-antistatic\/","name":"RU Repaplast Cleaner Antistatic - Readunit","isPartOf":{"@id":"https:\/\/shop.readunit.com\/da\/#website"},"primaryImageOfPage":{"@id":"https:\/\/shop.readunit.com\/da\/product\/repaplast-cleaner-antistatic\/#primaryimage"},"image":{"@id":"https:\/\/shop.readunit.com\/da\/product\/repaplast-cleaner-antistatic\/#primaryimage"},"thumbnailUrl":"https:\/\/shop.readunit.com\/wp-content\/uploads\/2025\/09\/affedter.jpg","datePublished":"2025-09-22T06:57:15+00:00","dateModified":"2026-02-04T08:06:34+00:00","breadcrumb":{"@id":"https:\/\/shop.readunit.com\/da\/product\/repaplast-cleaner-antistatic\/#breadcrumb"},"inLanguage":"da-DK","potentialAction":[{"@type":"ReadAction","target":["https:\/\/shop.readunit.com\/da\/product\/repaplast-cleaner-antistatic\/"]}]},{"@type":"ImageObject","inLanguage":"da-DK","@id":"https:\/\/shop.readunit.com\/da\/product\/repaplast-cleaner-antistatic\/#primaryimage","url":"https:\/\/shop.readunit.com\/wp-content\/uploads\/2025\/09\/affedter.jpg","contentUrl":"https:\/\/shop.readunit.com\/wp-content\/uploads\/2025\/09\/affedter.jpg","width":1200,"height":1200},{"@type":"BreadcrumbList","@id":"https:\/\/shop.readunit.com\/da\/product\/repaplast-cleaner-antistatic\/#breadcrumb","itemListElement":[{"@type":"ListItem","position":1,"name":"Home","item":"https:\/\/shop.readunit.com\/da\/"},{"@type":"ListItem","position":2,"name":"Shop","item":"https:\/\/shop.readunit.com\/"},{"@type":"ListItem","position":3,"name":"RU Repaplast Cleaner Antistatic"}]},{"@type":"WebSite","@id":"https:\/\/shop.readunit.com\/da\/#website","url":"https:\/\/shop.readunit.com\/da\/","name":"Readunit","description":"IT Services and IT Consulting","publisher":{"@id":"https:\/\/shop.readunit.com\/da\/#organization"},"potentialAction":[{"@type":"SearchAction","target":{"@type":"EntryPoint","urlTemplate":"https:\/\/shop.readunit.com\/da\/?s={search_term_string}"},"query-input":{"@type":"PropertyValueSpecification","valueRequired":true,"valueName":"search_term_string"}}],"inLanguage":"da-DK"},{"@type":"Organization","@id":"https:\/\/shop.readunit.com\/da\/#organization","name":"Readunit","url":"https:\/\/shop.readunit.com\/da\/","logo":{"@type":"ImageObject","inLanguage":"da-DK","@id":"https:\/\/shop.readunit.com\/da\/#\/schema\/logo\/image\/","url":"https:\/\/staging.readunit.com\/wp-content\/uploads\/2025\/09\/logo_readunit_webshop_133px.svg","contentUrl":"https:\/\/staging.readunit.com\/wp-content\/uploads\/2025\/09\/logo_readunit_webshop_133px.svg","width":134,"height":19,"caption":"Readunit"},"image":{"@id":"https:\/\/shop.readunit.com\/da\/#\/schema\/logo\/image\/"}}]}},"_links":{"self":[{"href":"https:\/\/shop.readunit.com\/da\/wp-json\/wp\/v2\/product\/3283","targetHints":{"allow":["GET"]}}],"collection":[{"href":"https:\/\/shop.readunit.com\/da\/wp-json\/wp\/v2\/product"}],"about":[{"href":"https:\/\/shop.readunit.com\/da\/wp-json\/wp\/v2\/types\/product"}],"wp:featuredmedia":[{"embeddable":true,"href":"https:\/\/shop.readunit.com\/da\/wp-json\/wp\/v2\/media\/3273"}],"wp:attachment":[{"href":"https:\/\/shop.readunit.com\/da\/wp-json\/wp\/v2\/media?parent=3283"}],"wp:term":[{"taxonomy":"product_brand","embeddable":true,"href":"https:\/\/shop.readunit.com\/da\/wp-json\/wp\/v2\/product_brand?post=3283"},{"taxonomy":"product_cat","embeddable":true,"href":"https:\/\/shop.readunit.com\/da\/wp-json\/wp\/v2\/product_cat?post=3283"},{"taxonomy":"product_tag","embeddable":true,"href":"https:\/\/shop.readunit.com\/da\/wp-json\/wp\/v2\/product_tag?post=3283"}],"curies":[{"name":"wp","href":"https:\/\/api.w.org\/{rel}","templated":true}]}}